{"id":91,"date":"2025-11-20T10:49:25","date_gmt":"2025-11-20T09:49:25","guid":{"rendered":"http:\/\/papierbulle.fr\/?page_id=91"},"modified":"2026-04-07T20:55:04","modified_gmt":"2026-04-07T18:55:04","slug":"les-retraites","status":"publish","type":"page","link":"https:\/\/papierbulle.fr\/index.php\/les-retraites\/","title":{"rendered":"Les retraites"},"content":{"rendered":"\n<div class=\"wp-block-cover alignfull is-light\" style=\"padding-top:2%;min-height:30rem;aspect-ratio:unset;\"><img decoding=\"async\" class=\"wp-block-cover__image-background wp-image-371 size-large\" alt=\"\" src=\"https:\/\/papierbulle.fr\/wp-content\/uploads\/2025\/11\/25693-1024x599.jpg\" style=\"object-position:63% 0%\" data-object-fit=\"cover\" data-object-position=\"63% 0%\"\/><span aria-hidden=\"true\" class=\"wp-block-cover__background has-background-dim-80 has-background-dim\" style=\"background-color:#fffefa\"><\/span><div class=\"wp-block-cover__inner-container has-global-padding is-layout-constrained wp-container-core-cover-is-layout-ee51f2d2 wp-block-cover-is-layout-constrained\">\n<div class=\"wp-block-group alignwide is-vertical is-content-justification-center is-layout-flex wp-container-core-group-is-layout-7082cadc wp-block-group-is-layout-flex\" style=\"min-height:8rem\">\n<div class=\"wp-block-group has-global-padding is-layout-constrained wp-container-core-group-is-layout-bea02a06 wp-block-group-is-layout-constrained\">\n<h2 class=\"wp-block-heading has-text-align-center has-text-color has-adelphe-font-family\" style=\"color:#771f4a;margin-top:0rem;margin-bottom:1.01rem;font-size:clamp(2.071rem, 2.071rem + ((1vw - 0.2rem) * 2.98), 3.71rem);font-style:normal;font-weight:700;line-height:1;text-transform:none\">Les retraites litt\u00e9raires<\/h2>\n<\/div>\n<\/div>\n<\/div><\/div>\n\n\n\n<div class=\"wp-block-group has-global-padding is-layout-constrained wp-block-group-is-layout-constrained\"><\/div>\n\n\n\n<p><\/p>\n\n\n\n\n\n<section class=\"wp-block-group alignfull has-text-color has-global-padding is-layout-constrained wp-container-core-group-is-layout-ac9931ba wp-block-group-is-layout-constrained\" style=\"color:#03081e;margin-top:0px;padding-top:3.4rem;padding-right:var(--wp--preset--spacing--40);padding-bottom:5.5rem;padding-left:var(--wp--preset--spacing--40);font-size:clamp(0.875rem, 0.875rem + ((1vw - 0.2rem) * 0.464), 1.13rem);font-style:normal;font-weight:400;line-height:1.4\">\n<div class=\"wp-block-columns is-layout-flex wp-container-core-columns-is-layout-db2df21c wp-block-columns-is-layout-flex\" style=\"margin-bottom:0px\">\n<div class=\"wp-block-column has-global-padding is-content-justification-left is-layout-constrained wp-container-core-column-is-layout-12dd3699 wp-block-column-is-layout-constrained\" style=\"flex-basis:50%\">\n<figure class=\"wp-block-image aligncenter size-full is-resized\"><img loading=\"lazy\" decoding=\"async\" width=\"895\" height=\"895\" src=\"https:\/\/papierbulle.fr\/wp-content\/uploads\/2026\/03\/spaaaaa.png\" alt=\"\" class=\"wp-image-1112\" style=\"width:500px\" srcset=\"https:\/\/papierbulle.fr\/wp-content\/uploads\/2026\/03\/spaaaaa.png 895w, https:\/\/papierbulle.fr\/wp-content\/uploads\/2026\/03\/spaaaaa-300x300.png 300w, https:\/\/papierbulle.fr\/wp-content\/uploads\/2026\/03\/spaaaaa-150x150.png 150w, https:\/\/papierbulle.fr\/wp-content\/uploads\/2026\/03\/spaaaaa-768x768.png 768w\" sizes=\"auto, (max-width: 895px) 100vw, 895px\" \/><\/figure>\n<\/div>\n\n\n\n<div class=\"wp-block-column is-layout-flow wp-block-column-is-layout-flow\">\n<div class=\"wp-block-group is-vertical is-content-justification-left is-layout-flex wp-container-core-group-is-layout-c5d44cae wp-block-group-is-layout-flex\" style=\"min-height:100%\">\n<div class=\"wp-block-group has-global-padding is-content-justification-center is-layout-constrained wp-container-core-group-is-layout-b15c80d6 wp-block-group-is-layout-constrained\">\n<p class=\"has-text-align-center has-text-color has-link-color has-pecita-font-family wp-elements-db99c3ca5a6a05ddc7c429a76ed98bf1\" style=\"color:#2a5c48;font-size:clamp(35.641px, 2.228rem + ((1vw - 3.2px) * 3.336), 65px);line-height:0\">Juillet 2026<\/p>\n\n\n\n<p class=\"has-text-align-center has-text-color has-link-color has-geist-font-family wp-elements-188485c381d603f5c52bab1667b56149\" style=\"color:#215c48;margin-top:var(--wp--preset--spacing--50);margin-bottom:var(--wp--preset--spacing--50);font-size:clamp(18.959px, 1.185rem + ((1vw - 3.2px) * 1.255), 30px);font-style:italic;font-weight:200\">La Bulle Bronzette<\/p>\n\n\n\n<hr class=\"wp-block-separator has-text-color has-alpha-channel-opacity has-background\" style=\"background-color:#ffffff;color:#ffffff\"\/>\n\n\n\n<p class=\"has-text-align-center has-text-color has-geist-font-family has-medium-font-size\" style=\"color:#1a1322;margin-top:0rem;font-style:normal;font-weight:100;line-height:1.6\">Imagine un peu : 25\u00b0C, le soleil brille, tu lis une petite p\u00e9pite, les pieds dans l&rsquo;eau et la seule chose \u00e0 laquelle tu dois penser, c&rsquo;est te resservir une limonade. Je te conseille de noter la date !<\/p>\n\n\n\n<div class=\"wp-block-buttons is-content-justification-center is-layout-flex wp-container-core-buttons-is-layout-a89b3969 wp-block-buttons-is-layout-flex\">\n<div class=\"wp-block-button is-style-fill\"><a class=\"wp-block-button__link has-text-color has-background has-link-color has-adelphe-font-family has-medium-font-size has-custom-font-size wp-element-button\" href=\"https:\/\/papierbulle.fr\/index.php\/bulle-bronzette\/\" style=\"border-radius:100px;color:#fffefa;background-color:#f2d586;padding-top:var(--wp--preset--spacing--40);padding-right:var(--wp--preset--spacing--60);padding-bottom:var(--wp--preset--spacing--40);padding-left:var(--wp--preset--spacing--60);font-style:normal;font-weight:700\">En savoir plus<\/a><\/div>\n\n\n\n<div class=\"wp-block-button is-style-fill\"><a class=\"wp-block-button__link has-text-color has-background has-link-color has-adelphe-font-family has-medium-font-size has-custom-font-size wp-element-button\" href=\"https:\/\/papierbulle.fr\/index.php\/billetterie-juillet\/\" style=\"border-radius:100px;color:#fffefa;background-color:#f2d586;padding-top:var(--wp--preset--spacing--40);padding-right:var(--wp--preset--spacing--60);padding-bottom:var(--wp--preset--spacing--40);padding-left:var(--wp--preset--spacing--60);font-style:normal;font-weight:700\">Billetterie<\/a><\/div>\n<\/div>\n<\/div>\n<\/div>\n<\/div>\n<\/div>\n<\/section>\n\n\n\n<div class=\"wp-block-group has-global-padding is-layout-constrained wp-block-group-is-layout-constrained\">\n\n\n\n\n\n\n<p>\/bouton<\/p>\n<\/div>\n\n\n\n<section class=\"wp-block-cover alignfull is-light\" style=\"margin-top:0px;padding-bottom:13.51rem;min-height:332px;aspect-ratio:unset;\"><img loading=\"lazy\" decoding=\"async\" width=\"2000\" height=\"1333\" class=\"wp-block-cover__image-background wp-image-322 size-full\" alt=\"\" src=\"https:\/\/papierbulle.fr\/wp-content\/uploads\/2025\/11\/2149871489.jpg\" data-object-fit=\"cover\" srcset=\"https:\/\/papierbulle.fr\/wp-content\/uploads\/2025\/11\/2149871489.jpg 2000w, https:\/\/papierbulle.fr\/wp-content\/uploads\/2025\/11\/2149871489-600x400.jpg 600w, https:\/\/papierbulle.fr\/wp-content\/uploads\/2025\/11\/2149871489-300x200.jpg 300w, https:\/\/papierbulle.fr\/wp-content\/uploads\/2025\/11\/2149871489-1024x682.jpg 1024w, https:\/\/papierbulle.fr\/wp-content\/uploads\/2025\/11\/2149871489-768x512.jpg 768w, https:\/\/papierbulle.fr\/wp-content\/uploads\/2025\/11\/2149871489-1536x1024.jpg 1536w\" sizes=\"auto, (max-width: 2000px) 100vw, 2000px\" \/><span aria-hidden=\"true\" class=\"wp-block-cover__background has-white-background-color has-background-dim-80 has-background-dim\"><\/span><div class=\"wp-block-cover__inner-container has-global-padding is-layout-constrained wp-container-core-cover-is-layout-14880c13 wp-block-cover-is-layout-constrained\">\n<div class=\"wp-block-group alignfull has-text-color has-global-padding is-layout-constrained wp-container-core-group-is-layout-6f61d7e7 wp-block-group-is-layout-constrained\" style=\"color:#252525;margin-top:0px;padding-top:0rem;padding-right:1rem;padding-bottom:0rem;padding-left:1rem;font-size:clamp(0.875rem, 0.875rem + ((1vw - 0.2rem) * 0.464), 1.13rem);font-style:normal;font-weight:400;line-height:1.4\">\n<div class=\"wp-block-group is-vertical is-content-justification-center is-layout-flex wp-container-core-group-is-layout-7082cadc wp-block-group-is-layout-flex\">\n<div class=\"wp-block-group has-global-padding is-layout-constrained wp-container-core-group-is-layout-a099c240 wp-block-group-is-layout-constrained\">\n<h2 class=\"wp-block-heading has-text-align-center has-text-color has-adelphe-font-family\" style=\"color:#771f4a;margin-bottom:1.11rem;font-size:clamp(29.768px, 1.861rem + ((1vw - 3.2px) * 2.526), 52px);font-style:normal;font-weight:700;line-height:1.3;text-transform:none\">Une question ?<\/h2>\n\n\n\n<p class=\"has-text-align-center has-text-color has-geist-font-family\" style=\"color:#03081e;margin-top:0rem;font-size:clamp(0.875rem, 0.875rem + ((1vw - 0.2rem) * 0.609), 1.21rem);font-style:normal;font-weight:400;line-height:1.6\">N&rsquo;h\u00e9sitez pas \u00e0 nous \u00e9crire pour toute question, demande particuli\u00e8re, proposition de collaboration ou simple envie de papoter !<\/p>\n\n\n\n<div class=\"wp-block-group is-vertical is-content-justification-stretch is-layout-flex wp-container-core-group-is-layout-be82aac6 wp-block-group-is-layout-flex\" style=\"margin-top:0rem;padding-right:0px;padding-left:0px\">\n<div class=\"wp-block-group has-global-padding is-content-justification-center is-layout-constrained wp-container-core-group-is-layout-0638dde4 wp-block-group-is-layout-constrained\" style=\"margin-top:0px\">\n<div class=\"wp-block-buttons is-horizontal is-content-justification-right is-layout-flex wp-container-core-buttons-is-layout-1b0e492f wp-block-buttons-is-layout-flex\" style=\"margin-top:2.21rem\">\n<div class=\"wp-block-button has-custom-width wp-block-button__width-100 is-style-outline is-style-outline--1\"><a class=\"wp-block-button__link has-text-color has-background has-border-color has-adelphe-font-family has-medium-font-size has-custom-font-size wp-element-button\" href=\"https:\/\/papierbulle.fr\/index.php\/contact\/\" style=\"border-color:#2a5c4866;border-style:solid;border-width:2px;border-radius:2.5rem;color:#fffefa;background-color:#b1d19f;padding-top:1.1rem;padding-right:0.81rem;padding-bottom:1.1rem;padding-left:0.81rem;font-style:normal;font-weight:700;line-height:1;text-transform:none\">\u00c9crivez-nous<\/a><\/div>\n<\/div>\n<\/div>\n<\/div>\n<\/div>\n<\/div>\n<\/div>\n<\/div><\/section>\n","protected":false},"excerpt":{"rendered":"<p>Avril 2026 La Bulle de Printemps C&rsquo;est le printemps. La nature s&rsquo;\u00e9veille doucement, le soleil r\u00e9chauffe timidement l&rsquo;atmosph\u00e8re et les oiseaux chantent. Entre pages et ballades, le moment est id\u00e9al pour s&rsquo;ouvrir doucement au monde. Moins de 10 places ! Juillet 2026 La Bulle Bronzette Imagine un peu : 25\u00b0C, le soleil brille, tu lis [&hellip;]<\/p>\n","protected":false},"author":1,"featured_media":0,"parent":0,"menu_order":0,"comment_status":"closed","ping_status":"closed","template":"","meta":{"footnotes":""},"class_list":["post-91","page","type-page","status-publish","hentry"],"_links":{"self":[{"href":"https:\/\/papierbulle.fr\/index.php\/wp-json\/wp\/v2\/pages\/91","targetHints":{"allow":["GET"]}}],"collection":[{"href":"https:\/\/papierbulle.fr\/index.php\/wp-json\/wp\/v2\/pages"}],"about":[{"href":"https:\/\/papierbulle.fr\/index.php\/wp-json\/wp\/v2\/types\/page"}],"author":[{"embeddable":true,"href":"https:\/\/papierbulle.fr\/index.php\/wp-json\/wp\/v2\/users\/1"}],"replies":[{"embeddable":true,"href":"https:\/\/papierbulle.fr\/index.php\/wp-json\/wp\/v2\/comments?post=91"}],"version-history":[{"count":62,"href":"https:\/\/papierbulle.fr\/index.php\/wp-json\/wp\/v2\/pages\/91\/revisions"}],"predecessor-version":[{"id":1360,"href":"https:\/\/papierbulle.fr\/index.php\/wp-json\/wp\/v2\/pages\/91\/revisions\/1360"}],"wp:attachment":[{"href":"https:\/\/papierbulle.fr\/index.php\/wp-json\/wp\/v2\/media?parent=91"}],"curies":[{"name":"wp","href":"https:\/\/api.w.org\/{rel}","templated":true}]}}