{"id":89,"date":"2025-11-21T18:33:17","date_gmt":"2025-11-21T17:33:17","guid":{"rendered":"http:\/\/papierbulle.fr\/?page_id=89"},"modified":"2026-04-12T17:04:50","modified_gmt":"2026-04-12T15:04:50","slug":"a-propos-papier-bulle","status":"publish","type":"page","link":"https:\/\/papierbulle.fr\/index.php\/a-propos-papier-bulle\/","title":{"rendered":"\u00c0 propos"},"content":{"rendered":"\n<div class=\"wp-block-cover alignfull is-light\" style=\"padding-top:2%;min-height:30rem;aspect-ratio:unset;\"><img loading=\"lazy\" decoding=\"async\" width=\"2000\" height=\"1331\" class=\"wp-block-cover__image-background wp-image-315 size-full\" alt=\"Papier Bulle\" src=\"https:\/\/papierbulle.fr\/wp-content\/uploads\/2025\/11\/2149894329-1.jpg\" style=\"object-position:53% 50%\" data-object-fit=\"cover\" data-object-position=\"53% 50%\" srcset=\"https:\/\/papierbulle.fr\/wp-content\/uploads\/2025\/11\/2149894329-1.jpg 2000w, https:\/\/papierbulle.fr\/wp-content\/uploads\/2025\/11\/2149894329-1-600x399.jpg 600w, https:\/\/papierbulle.fr\/wp-content\/uploads\/2025\/11\/2149894329-1-300x200.jpg 300w, https:\/\/papierbulle.fr\/wp-content\/uploads\/2025\/11\/2149894329-1-1024x681.jpg 1024w, https:\/\/papierbulle.fr\/wp-content\/uploads\/2025\/11\/2149894329-1-768x511.jpg 768w, https:\/\/papierbulle.fr\/wp-content\/uploads\/2025\/11\/2149894329-1-1536x1022.jpg 1536w\" sizes=\"auto, (max-width: 2000px) 100vw, 2000px\" \/><span aria-hidden=\"true\" class=\"wp-block-cover__background has-background-dim-80 has-background-dim\" style=\"background-color:#fffefa\"><\/span><div class=\"wp-block-cover__inner-container has-global-padding is-layout-constrained wp-container-core-cover-is-layout-ee51f2d2 wp-block-cover-is-layout-constrained\">\n<div class=\"wp-block-group alignwide is-vertical is-content-justification-center is-layout-flex wp-container-core-group-is-layout-7082cadc wp-block-group-is-layout-flex\" style=\"min-height:8rem\">\n<div class=\"wp-block-group has-global-padding is-layout-constrained wp-container-core-group-is-layout-bea02a06 wp-block-group-is-layout-constrained\">\n<h2 class=\"wp-block-heading has-text-align-center has-text-color has-adelphe-font-family\" style=\"color:#771f4a;margin-top:0rem;margin-bottom:1.01rem;font-size:clamp(2.071rem, 2.071rem + ((1vw - 0.2rem) * 2.98), 3.71rem);font-style:normal;font-weight:700;line-height:1;text-transform:capitalize\">D\u00e9couvrez Papier Bulle<\/h2>\n<\/div>\n<\/div>\n<\/div><\/div>\n\n\n\n<section class=\"wp-block-group alignfull has-text-color has-global-padding is-layout-constrained wp-container-core-group-is-layout-4252d6ba wp-block-group-is-layout-constrained\" style=\"color:#03081e;margin-top:0px;padding-top:6.51rem;padding-right:1rem;padding-bottom:5.5rem;padding-left:1rem;font-size:clamp(0.875rem, 0.875rem + ((1vw - 0.2rem) * 0.464), 1.13rem);font-style:normal;font-weight:400;line-height:1.4\">\n<div class=\"wp-block-columns is-layout-flex wp-container-core-columns-is-layout-db2df21c wp-block-columns-is-layout-flex\" style=\"margin-bottom:0px\">\n<div class=\"wp-block-column is-vertically-aligned-center has-global-padding is-content-justification-left is-layout-constrained wp-container-core-column-is-layout-12dd3699 wp-block-column-is-layout-constrained\" style=\"flex-basis:45%\">\n<figure class=\"wp-block-image aligncenter size-full is-resized is-style-default\"><img loading=\"lazy\" decoding=\"async\" width=\"1334\" height=\"1334\" src=\"https:\/\/papierbulle.fr\/wp-content\/uploads\/2025\/11\/7948-edited.jpg\" alt=\"\" class=\"wp-image-312\" style=\"width:380px\" srcset=\"https:\/\/papierbulle.fr\/wp-content\/uploads\/2025\/11\/7948-edited.jpg 1334w, https:\/\/papierbulle.fr\/wp-content\/uploads\/2025\/11\/7948-edited-300x300.jpg 300w, https:\/\/papierbulle.fr\/wp-content\/uploads\/2025\/11\/7948-edited-100x100.jpg 100w, https:\/\/papierbulle.fr\/wp-content\/uploads\/2025\/11\/7948-edited-600x600.jpg 600w, https:\/\/papierbulle.fr\/wp-content\/uploads\/2025\/11\/7948-edited-1024x1024.jpg 1024w, https:\/\/papierbulle.fr\/wp-content\/uploads\/2025\/11\/7948-edited-150x150.jpg 150w, https:\/\/papierbulle.fr\/wp-content\/uploads\/2025\/11\/7948-edited-768x768.jpg 768w\" sizes=\"auto, (max-width: 1334px) 100vw, 1334px\" \/><\/figure>\n<\/div>\n\n\n\n<div class=\"wp-block-column is-layout-flow wp-block-column-is-layout-flow\">\n<div class=\"wp-block-group is-vertical is-content-justification-left is-layout-flex wp-container-core-group-is-layout-807ed79f wp-block-group-is-layout-flex\" style=\"min-height:100%\">\n<div class=\"wp-block-group has-global-padding is-content-justification-center is-layout-constrained wp-container-core-group-is-layout-b15c80d6 wp-block-group-is-layout-constrained\">\n<h3 class=\"wp-block-heading has-text-align-center has-text-color has-pecita-font-family\" style=\"color:#771f4a;margin-top:0.5rem;margin-bottom:1.01rem;font-size:clamp(36.954px, 2.31rem + ((1vw - 3.2px) * 3.528), 68px);font-style:normal;font-weight:400;letter-spacing:15px;line-height:1.5;text-transform:capitalize\">LA BULLE<\/h3>\n\n\n\n<p class=\"has-text-align-center has-text-color has-geist-font-family has-medium-font-size\" style=\"color:#03081e;margin-top:0rem;font-style:normal;font-weight:100;line-height:1.4\">Papier Bulle est un projet qui porte bien son nom car il vise \u00e0 offrir une bulle hors du temps aux amoureux des mots et du papier. Les lecteur.ices, les auteur.ices, ceux que la litt\u00e9rature touche, change mais peine \u00e0 rassembler.<br><br>\u00c0 travers les retraites litt\u00e9raires, Papier Bulle vous propose un moment de d\u00e9tente et de retour \u00e0 soi, mais aussi un v\u00e9ritable espace de rencontre et d\u2019\u00e9change.<br><br>La\u00a0bienveillance, la\u00a0simplicit\u00e9\u00a0et la\u00a0convivialit\u00e9\u00a0sont au c\u0153ur de chaque s\u00e9jour. Chacun est libre d\u2019\u00eatre comme il est, de parler ou de se taire, de partager ou de rester dans sa bulle. Il n\u2019y a pas de bonne mani\u00e8re de vivre une retraite de lecture : seulement la v\u00f4tre.<br><\/p>\n<\/div>\n<\/div>\n<\/div>\n<\/div>\n\n\n\n<div class=\"wp-block-columns is-layout-flex wp-container-core-columns-is-layout-db2df21c wp-block-columns-is-layout-flex\" style=\"margin-bottom:0px\">\n<div class=\"wp-block-column is-vertically-aligned-center has-global-padding is-content-justification-left is-layout-constrained wp-container-core-column-is-layout-12dd3699 wp-block-column-is-layout-constrained\" style=\"flex-basis:45%\">\n<div class=\"wp-block-group is-nowrap is-layout-flex wp-container-core-group-is-layout-6c531013 wp-block-group-is-layout-flex\">\n<div class=\"wp-block-group is-vertical is-content-justification-left is-layout-flex wp-container-core-group-is-layout-c5d44cae wp-block-group-is-layout-flex\" style=\"min-height:100%\">\n<div class=\"wp-block-group has-global-padding is-content-justification-center is-layout-constrained wp-container-core-group-is-layout-b15c80d6 wp-block-group-is-layout-constrained\">\n<h3 class=\"wp-block-heading has-text-align-center has-text-color has-pecita-font-family\" style=\"color:#771f4a;margin-top:0.5rem;margin-bottom:1.01rem;font-size:clamp(31.152px, 1.947rem + ((1vw - 3.2px) * 2.71), 55px);font-style:normal;font-weight:400;letter-spacing:15px;line-height:1.5;text-transform:capitalize\">LES LIENS<\/h3>\n\n\n\n<p class=\"has-text-align-center has-text-color has-geist-font-family has-medium-font-size\" style=\"color:#03081e;margin-top:0rem;font-style:normal;font-weight:100;line-height:1.4\">Ce projet prend tout son sens \u00e0 l\u2019heure o\u00f9 le num\u00e9rique pousse les contacts humains dans leurs retranchements. Si la lecture est une exp\u00e9rience solitaire, je suis convaincue que c\u2019est \u00e9galement une exp\u00e9rience hors de soi qui nous pousse \u00e0 ressentir davantage que les non-lecteurs et peut nous mener \u00e0 tisser des liens uniques.<br><br>Chaque retraite est pens\u00e9e comme une exp\u00e9rience \u00e0 la fois intime et collective. Intime, parce que la lecture nous relie profond\u00e9ment \u00e0 nous-m\u00eames, \u00e0 nos \u00e9motions, \u00e0 nos souvenirs. Collective, parce qu\u2019elle devient encore plus riche lorsqu\u2019elle s\u2019ouvre \u00e0 la\u00a0rencontre\u00a0et \u00e0 l\u2019\u00e9change.<br><\/p>\n\n\n\n<p class=\"has-text-align-center has-text-color has-geist-font-family has-medium-font-size\" style=\"color:#03081e;margin-top:0rem;font-style:normal;font-weight:100;line-height:1.4\">Chez Papier Bulle, les discussions naissent naturellement, autour d\u2019un livre, d\u2019une phrase, d\u2019un ressenti partag\u00e9.<br><\/p>\n<\/div>\n<\/div>\n<\/div>\n<\/div>\n\n\n\n<div class=\"wp-block-column is-vertically-aligned-center is-layout-flow wp-block-column-is-layout-flow\">\n<figure class=\"wp-block-image aligncenter size-full is-resized is-style-default\"><img loading=\"lazy\" decoding=\"async\" width=\"1920\" height=\"1920\" src=\"https:\/\/papierbulle.fr\/wp-content\/uploads\/2025\/11\/anastasiia-rozumna-bYJs-ykv2qs-unsplash-edited.jpg\" alt=\"\" class=\"wp-image-318\" style=\"width:380px\" srcset=\"https:\/\/papierbulle.fr\/wp-content\/uploads\/2025\/11\/anastasiia-rozumna-bYJs-ykv2qs-unsplash-edited.jpg 1920w, https:\/\/papierbulle.fr\/wp-content\/uploads\/2025\/11\/anastasiia-rozumna-bYJs-ykv2qs-unsplash-edited-300x300.jpg 300w, https:\/\/papierbulle.fr\/wp-content\/uploads\/2025\/11\/anastasiia-rozumna-bYJs-ykv2qs-unsplash-edited-100x100.jpg 100w, https:\/\/papierbulle.fr\/wp-content\/uploads\/2025\/11\/anastasiia-rozumna-bYJs-ykv2qs-unsplash-edited-600x600.jpg 600w, https:\/\/papierbulle.fr\/wp-content\/uploads\/2025\/11\/anastasiia-rozumna-bYJs-ykv2qs-unsplash-edited-1024x1024.jpg 1024w, https:\/\/papierbulle.fr\/wp-content\/uploads\/2025\/11\/anastasiia-rozumna-bYJs-ykv2qs-unsplash-edited-150x150.jpg 150w, https:\/\/papierbulle.fr\/wp-content\/uploads\/2025\/11\/anastasiia-rozumna-bYJs-ykv2qs-unsplash-edited-768x768.jpg 768w, https:\/\/papierbulle.fr\/wp-content\/uploads\/2025\/11\/anastasiia-rozumna-bYJs-ykv2qs-unsplash-edited-1536x1536.jpg 1536w\" sizes=\"auto, (max-width: 1920px) 100vw, 1920px\" \/><\/figure>\n<\/div>\n<\/div>\n\n\n\n<div class=\"wp-block-columns is-layout-flex wp-container-core-columns-is-layout-db2df21c wp-block-columns-is-layout-flex\" style=\"margin-bottom:0px\">\n<div class=\"wp-block-column is-vertically-aligned-center has-global-padding is-content-justification-left is-layout-constrained wp-container-core-column-is-layout-12dd3699 wp-block-column-is-layout-constrained\" style=\"flex-basis:45%\">\n<figure class=\"wp-block-image aligncenter size-full is-resized is-style-default\"><img loading=\"lazy\" decoding=\"async\" width=\"1333\" height=\"1333\" src=\"https:\/\/papierbulle.fr\/wp-content\/uploads\/2025\/11\/2147888783-edited.jpg\" alt=\"\" class=\"wp-image-321\" style=\"width:380px;height:auto\" srcset=\"https:\/\/papierbulle.fr\/wp-content\/uploads\/2025\/11\/2147888783-edited.jpg 1333w, https:\/\/papierbulle.fr\/wp-content\/uploads\/2025\/11\/2147888783-edited-300x300.jpg 300w, https:\/\/papierbulle.fr\/wp-content\/uploads\/2025\/11\/2147888783-edited-100x100.jpg 100w, https:\/\/papierbulle.fr\/wp-content\/uploads\/2025\/11\/2147888783-edited-600x600.jpg 600w, https:\/\/papierbulle.fr\/wp-content\/uploads\/2025\/11\/2147888783-edited-1024x1024.jpg 1024w, https:\/\/papierbulle.fr\/wp-content\/uploads\/2025\/11\/2147888783-edited-150x150.jpg 150w, https:\/\/papierbulle.fr\/wp-content\/uploads\/2025\/11\/2147888783-edited-768x768.jpg 768w\" sizes=\"auto, (max-width: 1333px) 100vw, 1333px\" \/><\/figure>\n<\/div>\n\n\n\n<div class=\"wp-block-column is-layout-flow wp-block-column-is-layout-flow\">\n<div class=\"wp-block-group is-vertical is-content-justification-left is-layout-flex wp-container-core-group-is-layout-c5d44cae wp-block-group-is-layout-flex\" style=\"min-height:100%\">\n<div class=\"wp-block-group has-global-padding is-content-justification-center is-layout-constrained wp-container-core-group-is-layout-b15c80d6 wp-block-group-is-layout-constrained\">\n<h3 class=\"wp-block-heading has-text-align-center has-text-color has-pecita-font-family\" style=\"color:#771f4a;margin-top:0.5rem;margin-bottom:1.01rem;font-size:clamp(36.954px, 2.31rem + ((1vw - 3.2px) * 3.528), 68px);font-style:normal;font-weight:400;letter-spacing:15px;line-height:1.5;text-transform:capitalize\">LES MOTS<\/h3>\n\n\n\n<p class=\"has-text-align-center has-text-color has-geist-font-family has-medium-font-size\" style=\"color:#03081e;margin-top:0rem;font-style:normal;font-weight:100;line-height:1.4\">On dit que le cerveau ne fait pas la diff\u00e9rence entre les personnes r\u00e9elles et les personnages fictifs. C\u2019est ce d\u00e9vouement \u00e0 l\u2019imaginaire qui cr\u00e9e parfois comme un foss\u00e9 entre les lecteur.ice.s et les autres.\u00a0<br><br>Aux retraites litt\u00e9raires, ce foss\u00e9 n\u2019existe plus. Personne n\u2019est incompris car chacun sait qu\u2019\u00eatre lecteur.ice, c\u2019est c\u00e9der une part de soi \u00e0 ce qui n\u2019existera jamais que sur du papier.<br><br>Dans un monde o\u00f9 tout va vite, o\u00f9 tout se consomme et s\u2019oublie, prendre le temps de lire devient presque un acte engag\u00e9. Lire, c\u2019est ralentir. Lire, c\u2019est ressentir. Lire, c\u2019est aussi s\u2019ouvrir aux autres, d\u2019une mani\u00e8re plus sensible, plus sinc\u00e8re.<\/p>\n<\/div>\n<\/div>\n<\/div>\n<\/div>\n<\/section>\n\n\n\n\n\n<div class=\"wp-block-cover alignfull is-light has-text-color\" style=\"color:#eb6200;margin-top:0;margin-bottom:0;padding-top:5px;padding-bottom:5px\"><span aria-hidden=\"true\" class=\"wp-block-cover__background has-white-background-color has-background-dim-100 has-background-dim\"><\/span><div class=\"wp-block-cover__inner-container has-global-padding is-layout-constrained wp-container-core-cover-is-layout-2333065c wp-block-cover-is-layout-constrained\">\n<div class=\"wp-block-columns is-layout-flex wp-container-core-columns-is-layout-dab8da8d wp-block-columns-is-layout-flex\">\n<div class=\"wp-block-column is-vertically-aligned-center is-layout-flow wp-block-column-is-layout-flow\" style=\"padding-right:var(--wp--preset--spacing--80);padding-left:var(--wp--preset--spacing--80)\">\n<h2 class=\"wp-block-heading has-text-align-center has-text-color has-adelphe-font-family has-x-large-font-size\" style=\"color:#771f4a;margin-top:0rem;margin-bottom:1.01rem;font-style:normal;font-weight:700;line-height:1;text-transform:none\">Qui se cache derri\u00e8re<br>Papier Bulle ?<\/h2>\n\n\n\n<p class=\"has-text-align-center has-text-color has-geist-font-family has-medium-font-size\" style=\"color:#00373e;margin-top:48px;font-style:italic;font-weight:400;line-height:1.4\">Je m\u2019appelle Julie, j\u2019ai 24 ans et l\u2019univers Papier Bulle a germ\u00e9 dans mon esprit il y a d\u00e9j\u00e0 plusieurs ann\u00e9es, durant mes \u00e9tudes de droit.<br><br>Dipl\u00f4m\u00e9e d\u2019un master en septembre 2025, j\u2019ai d\u00e9cid\u00e9 de revenir \u00e0 ma passion des livres.<br><br>Avec\u00a0Papier Bulle, j\u2019ai voulu cr\u00e9er bien plus qu\u2019une simple\u00a0retraite de lecture. J\u2019ai imagin\u00e9 un espace o\u00f9 la\u00a0d\u00e9tente, la lenteur et la pleine conscience reprennent leur place, loin des injonctions de productivit\u00e9 et du rythme effr\u00e9n\u00e9 du quotidien. Ici, il n\u2019y a rien \u00e0 prouver, rien \u00e0 performer : seulement \u00e0 \u00eatre, \u00e0 lire, \u00e0 ressentir.<br><br>Ce qui me touche particuli\u00e8rement dans ces moments, ce sont les liens qui se tissent presque sans effort. Des conversations qui commencent timidement et deviennent profondes, des silences partag\u00e9s qui n\u2019ont rien de g\u00eanant, des rires spontan\u00e9s, et parfois m\u00eame de vraies amiti\u00e9s qui naissent. Papier Bulle, c\u2019est aussi \u00e7a : un lieu o\u00f9 l\u2019on se sent rapidement \u00e0 sa place.<\/p>\n<\/div>\n\n\n\n<div class=\"wp-block-column is-vertically-aligned-center is-layout-flow wp-block-column-is-layout-flow\">\n<figure class=\"wp-block-image size-full is-resized has-custom-border\"><img loading=\"lazy\" decoding=\"async\" width=\"2380\" height=\"2380\" src=\"https:\/\/papierbulle.fr\/wp-content\/uploads\/2025\/11\/B49870DA-C87B-4D32-A8F4-E9876501D759-1-edited-1.jpeg\" alt=\"\" class=\"has-border-color wp-image-263\" style=\"border-color:#2a5c48;border-width:3px;border-top-left-radius:50%;border-top-right-radius:50%;object-fit:cover;width:365px;height:auto\" srcset=\"https:\/\/papierbulle.fr\/wp-content\/uploads\/2025\/11\/B49870DA-C87B-4D32-A8F4-E9876501D759-1-edited-1.jpeg 2380w, https:\/\/papierbulle.fr\/wp-content\/uploads\/2025\/11\/B49870DA-C87B-4D32-A8F4-E9876501D759-1-edited-1-300x300.jpeg 300w, https:\/\/papierbulle.fr\/wp-content\/uploads\/2025\/11\/B49870DA-C87B-4D32-A8F4-E9876501D759-1-edited-1-100x100.jpeg 100w, https:\/\/papierbulle.fr\/wp-content\/uploads\/2025\/11\/B49870DA-C87B-4D32-A8F4-E9876501D759-1-edited-1-600x600.jpeg 600w, https:\/\/papierbulle.fr\/wp-content\/uploads\/2025\/11\/B49870DA-C87B-4D32-A8F4-E9876501D759-1-edited-1-1024x1024.jpeg 1024w, https:\/\/papierbulle.fr\/wp-content\/uploads\/2025\/11\/B49870DA-C87B-4D32-A8F4-E9876501D759-1-edited-1-150x150.jpeg 150w, https:\/\/papierbulle.fr\/wp-content\/uploads\/2025\/11\/B49870DA-C87B-4D32-A8F4-E9876501D759-1-edited-1-768x768.jpeg 768w, https:\/\/papierbulle.fr\/wp-content\/uploads\/2025\/11\/B49870DA-C87B-4D32-A8F4-E9876501D759-1-edited-1-1536x1536.jpeg 1536w, https:\/\/papierbulle.fr\/wp-content\/uploads\/2025\/11\/B49870DA-C87B-4D32-A8F4-E9876501D759-1-edited-1-2048x2048.jpeg 2048w\" sizes=\"auto, (max-width: 2380px) 100vw, 2380px\" \/><\/figure>\n<\/div>\n<\/div>\n\n\n\n<hr class=\"wp-block-separator has-text-color has-alpha-channel-opacity has-background\" style=\"margin-top:var(--wp--preset--spacing--70);margin-bottom:var(--wp--preset--spacing--70);background-color:#ffffff;color:#ffffff\"\/>\n<\/div><\/div>\n\n\n\n<section class=\"wp-block-cover alignfull is-light\" style=\"margin-top:0px;padding-bottom:13.51rem;min-height:332px;aspect-ratio:unset;\"><img loading=\"lazy\" decoding=\"async\" width=\"2000\" height=\"1333\" class=\"wp-block-cover__image-background wp-image-322 size-full\" alt=\"\" src=\"https:\/\/papierbulle.fr\/wp-content\/uploads\/2025\/11\/2149871489.jpg\" data-object-fit=\"cover\" srcset=\"https:\/\/papierbulle.fr\/wp-content\/uploads\/2025\/11\/2149871489.jpg 2000w, https:\/\/papierbulle.fr\/wp-content\/uploads\/2025\/11\/2149871489-600x400.jpg 600w, https:\/\/papierbulle.fr\/wp-content\/uploads\/2025\/11\/2149871489-300x200.jpg 300w, https:\/\/papierbulle.fr\/wp-content\/uploads\/2025\/11\/2149871489-1024x682.jpg 1024w, https:\/\/papierbulle.fr\/wp-content\/uploads\/2025\/11\/2149871489-768x512.jpg 768w, https:\/\/papierbulle.fr\/wp-content\/uploads\/2025\/11\/2149871489-1536x1024.jpg 1536w\" sizes=\"auto, (max-width: 2000px) 100vw, 2000px\" \/><span aria-hidden=\"true\" class=\"wp-block-cover__background has-white-background-color has-background-dim-80 has-background-dim\"><\/span><div class=\"wp-block-cover__inner-container has-global-padding is-layout-constrained wp-container-core-cover-is-layout-14880c13 wp-block-cover-is-layout-constrained\">\n<div class=\"wp-block-group alignfull has-text-color has-global-padding is-layout-constrained wp-container-core-group-is-layout-6f61d7e7 wp-block-group-is-layout-constrained\" style=\"color:#252525;margin-top:0px;padding-top:0rem;padding-right:1rem;padding-bottom:0rem;padding-left:1rem;font-size:clamp(0.875rem, 0.875rem + ((1vw - 0.2rem) * 0.464), 1.13rem);font-style:normal;font-weight:400;line-height:1.4\">\n<div class=\"wp-block-group is-vertical is-content-justification-center is-layout-flex wp-container-core-group-is-layout-7082cadc wp-block-group-is-layout-flex\">\n<div class=\"wp-block-group has-global-padding is-layout-constrained wp-container-core-group-is-layout-a099c240 wp-block-group-is-layout-constrained\">\n<h2 class=\"wp-block-heading has-text-align-center has-text-color has-adelphe-font-family\" style=\"color:#771f4a;margin-bottom:1.11rem;font-size:clamp(29.768px, 1.861rem + ((1vw - 3.2px) * 2.526), 52px);font-style:normal;font-weight:700;line-height:1.3;text-transform:none\">Une question ?<\/h2>\n\n\n\n<p class=\"has-text-align-center has-text-color has-geist-font-family\" style=\"color:#03081e;margin-top:0rem;font-size:clamp(0.875rem, 0.875rem + ((1vw - 0.2rem) * 0.609), 1.21rem);font-style:normal;font-weight:400;line-height:1.6\">N&rsquo;h\u00e9sitez pas \u00e0 nous \u00e9crire pour toute question, demande particuli\u00e8re, proposition de collaboration ou simple envie de papoter !<\/p>\n\n\n\n<div class=\"wp-block-group is-vertical is-content-justification-stretch is-layout-flex wp-container-core-group-is-layout-be82aac6 wp-block-group-is-layout-flex\" style=\"margin-top:0rem;padding-right:0px;padding-left:0px\">\n<div class=\"wp-block-group has-global-padding is-content-justification-center is-layout-constrained wp-container-core-group-is-layout-0638dde4 wp-block-group-is-layout-constrained\" style=\"margin-top:0px\">\n<div class=\"wp-block-buttons is-horizontal is-content-justification-right is-layout-flex wp-container-core-buttons-is-layout-1b0e492f wp-block-buttons-is-layout-flex\" style=\"margin-top:2.21rem\">\n<div class=\"wp-block-button has-custom-width wp-block-button__width-100 is-style-outline is-style-outline--1\"><a class=\"wp-block-button__link has-text-color has-background has-border-color has-adelphe-font-family has-medium-font-size has-custom-font-size wp-element-button\" href=\"https:\/\/papierbulle.fr\/index.php\/contact\/\" style=\"border-color:#2a5c4866;border-style:solid;border-width:2px;border-radius:2.5rem;color:#fffefa;background-color:#b1d19f;padding-top:1.1rem;padding-right:0.81rem;padding-bottom:1.1rem;padding-left:0.81rem;font-style:normal;font-weight:700;line-height:1;text-transform:none\">\u00c9crivez-nous<\/a><\/div>\n<\/div>\n<\/div>\n<\/div>\n<\/div>\n<\/div>\n<\/div>\n<\/div><\/section>\n","protected":false},"excerpt":{"rendered":"<p>LA BULLE Papier Bulle est un projet qui porte bien son nom car il vise \u00e0 offrir une bulle hors du temps aux amoureux des mots et du papier. Les lecteur.ices, les auteur.ices, ceux que la litt\u00e9rature touche, change mais peine \u00e0 rassembler. \u00c0 travers les retraites litt\u00e9raires, Papier Bulle vous propose un moment de [&hellip;]<\/p>\n","protected":false},"author":1,"featured_media":0,"parent":0,"menu_order":0,"comment_status":"closed","ping_status":"closed","template":"","meta":{"footnotes":""},"class_list":["post-89","page","type-page","status-publish","hentry"],"_links":{"self":[{"href":"https:\/\/papierbulle.fr\/index.php\/wp-json\/wp\/v2\/pages\/89","targetHints":{"allow":["GET"]}}],"collection":[{"href":"https:\/\/papierbulle.fr\/index.php\/wp-json\/wp\/v2\/pages"}],"about":[{"href":"https:\/\/papierbulle.fr\/index.php\/wp-json\/wp\/v2\/types\/page"}],"author":[{"embeddable":true,"href":"https:\/\/papierbulle.fr\/index.php\/wp-json\/wp\/v2\/users\/1"}],"replies":[{"embeddable":true,"href":"https:\/\/papierbulle.fr\/index.php\/wp-json\/wp\/v2\/comments?post=89"}],"version-history":[{"count":43,"href":"https:\/\/papierbulle.fr\/index.php\/wp-json\/wp\/v2\/pages\/89\/revisions"}],"predecessor-version":[{"id":1414,"href":"https:\/\/papierbulle.fr\/index.php\/wp-json\/wp\/v2\/pages\/89\/revisions\/1414"}],"wp:attachment":[{"href":"https:\/\/papierbulle.fr\/index.php\/wp-json\/wp\/v2\/media?parent=89"}],"curies":[{"name":"wp","href":"https:\/\/api.w.org\/{rel}","templated":true}]}}