{"id":86,"date":"2025-11-19T19:41:37","date_gmt":"2025-11-19T18:41:37","guid":{"rendered":"http:\/\/papierbulle.fr\/?page_id=86"},"modified":"2026-04-12T18:01:02","modified_gmt":"2026-04-12T16:01:02","slug":"accueil","status":"publish","type":"page","link":"https:\/\/papierbulle.fr\/","title":{"rendered":"Accueil"},"content":{"rendered":"\n<div class=\"wp-block-cover alignfull is-light\" style=\"padding-top:0%;padding-right:0;padding-bottom:0;padding-left:0;min-height:100vh;aspect-ratio:unset;\"><img loading=\"lazy\" decoding=\"async\" width=\"2000\" height=\"1331\" class=\"wp-block-cover__image-background wp-image-222 size-full\" alt=\"\" src=\"https:\/\/papierbulle.fr\/wp-content\/uploads\/2025\/11\/2149894329.jpg\" style=\"object-position:50% 45%\" data-object-fit=\"cover\" data-object-position=\"50% 45%\" srcset=\"https:\/\/papierbulle.fr\/wp-content\/uploads\/2025\/11\/2149894329.jpg 2000w, https:\/\/papierbulle.fr\/wp-content\/uploads\/2025\/11\/2149894329-600x399.jpg 600w, https:\/\/papierbulle.fr\/wp-content\/uploads\/2025\/11\/2149894329-300x200.jpg 300w, https:\/\/papierbulle.fr\/wp-content\/uploads\/2025\/11\/2149894329-1024x681.jpg 1024w, https:\/\/papierbulle.fr\/wp-content\/uploads\/2025\/11\/2149894329-768x511.jpg 768w, https:\/\/papierbulle.fr\/wp-content\/uploads\/2025\/11\/2149894329-1536x1022.jpg 1536w\" sizes=\"auto, (max-width: 2000px) 100vw, 2000px\" \/><span aria-hidden=\"true\" class=\"wp-block-cover__background has-background-dim-80 has-background-dim\" style=\"background-color:#fffefa\"><\/span><div class=\"wp-block-cover__inner-container has-global-padding is-layout-constrained wp-container-core-cover-is-layout-e3eab818 wp-block-cover-is-layout-constrained\">\n<div class=\"wp-block-group is-vertical is-content-justification-center is-layout-flex wp-container-core-group-is-layout-7082cadc wp-block-group-is-layout-flex\" style=\"min-height:35rem\">\n<div class=\"wp-block-group has-global-padding is-layout-constrained wp-container-core-group-is-layout-bea02a06 wp-block-group-is-layout-constrained\">\n<figure class=\"wp-block-image aligncenter size-large is-resized\"><img loading=\"lazy\" decoding=\"async\" width=\"1597\" height=\"1597\" src=\"https:\/\/papierbulle.fr\/wp-content\/uploads\/2025\/11\/test3Plan-de-travail-1-3-edited.png\" alt=\"\" class=\"wp-image-228\" style=\"width:230px;height:auto\" srcset=\"https:\/\/papierbulle.fr\/wp-content\/uploads\/2025\/11\/test3Plan-de-travail-1-3-edited.png 1597w, https:\/\/papierbulle.fr\/wp-content\/uploads\/2025\/11\/test3Plan-de-travail-1-3-edited-300x300.png 300w, https:\/\/papierbulle.fr\/wp-content\/uploads\/2025\/11\/test3Plan-de-travail-1-3-edited-100x100.png 100w, https:\/\/papierbulle.fr\/wp-content\/uploads\/2025\/11\/test3Plan-de-travail-1-3-edited-600x600.png 600w, https:\/\/papierbulle.fr\/wp-content\/uploads\/2025\/11\/test3Plan-de-travail-1-3-edited-1024x1024.png 1024w, https:\/\/papierbulle.fr\/wp-content\/uploads\/2025\/11\/test3Plan-de-travail-1-3-edited-150x150.png 150w, https:\/\/papierbulle.fr\/wp-content\/uploads\/2025\/11\/test3Plan-de-travail-1-3-edited-768x768.png 768w, https:\/\/papierbulle.fr\/wp-content\/uploads\/2025\/11\/test3Plan-de-travail-1-3-edited-1536x1536.png 1536w\" sizes=\"auto, (max-width: 1597px) 100vw, 1597px\" \/><\/figure>\n\n\n\n<h3 class=\"wp-block-heading has-text-color has-pecita-font-family\" style=\"color:#771f4a;margin-top:var(--wp--preset--spacing--70);margin-bottom:var(--wp--preset--spacing--40);font-size:clamp(2.071rem, 2.071rem + ((1vw - 0.2rem) * 2.98), 3.71rem);font-style:normal;font-weight:400;line-height:1;text-transform:none\">Entrez dans la bulle ! <\/h3>\n\n\n\n<p class=\"has-text-align-center has-text-color has-link-color has-geist-font-family wp-elements-f08961f5e5b3049dcbb794c5e40f5f48\" style=\"color:#771f4a;font-size:clamp(16.293px, 1.018rem + ((1vw - 3.2px) * 0.989), 25px);font-style:normal;font-weight:500\">Retraites de lecture pour amoureux des mots<\/p>\n<\/div>\n\n\n\n<div class=\"wp-block-group has-global-padding is-content-justification-center is-layout-constrained wp-container-core-group-is-layout-0638dde4 wp-block-group-is-layout-constrained\" style=\"margin-top:0px\">\n<div class=\"wp-block-buttons is-horizontal is-content-justification-right is-layout-flex wp-container-core-buttons-is-layout-647f8e0f wp-block-buttons-is-layout-flex\" style=\"margin-top:0.21rem\">\n<div class=\"wp-block-button has-custom-width wp-block-button__width-100 is-style-outline is-style-outline--1\"><a class=\"wp-block-button__link has-text-color has-background has-border-color has-adelphe-font-family has-medium-font-size has-custom-font-size wp-element-button\" href=\"https:\/\/papierbulle.fr\/index.php\/les-retraites\/\" style=\"border-color:#215c4869;border-style:solid;border-width:2px;border-radius:2.5rem;color:#fffefa;background-color:#2a5c48;padding-top:1.1rem;padding-right:0.81rem;padding-bottom:1.1rem;padding-left:0.81rem;font-style:normal;font-weight:700;letter-spacing:1px;line-height:1;text-transform:none\">Je r\u00e9serve !<\/a><\/div>\n<\/div>\n<\/div>\n<\/div>\n<\/div><\/div>\n\n\n\n<div class=\"wp-block-group alignfull has-global-padding is-layout-constrained wp-container-core-group-is-layout-1257c590 wp-block-group-is-layout-constrained\" style=\"margin-top:0;margin-bottom:0;padding-top:5.51rem;padding-right:1rem;padding-bottom:3rem;padding-left:1rem\">\n\n\n\n\n\n\n<div class=\"wp-block-group alignfull has-global-padding is-layout-constrained wp-block-group-is-layout-constrained\" style=\"padding-bottom:1rem\">\n<h2 class=\"wp-block-heading has-text-align-center has-text-color has-pecita-font-family\" style=\"color:#711f4a;padding-top:var(--wp--preset--spacing--40);padding-bottom:var(--wp--preset--spacing--40);font-size:clamp(36.954px, 2.31rem + ((1vw - 3.2px) * 3.528), 68px);font-style:normal;font-weight:400;letter-spacing:0%;text-transform:capitalize\">LES RETRAITES<\/h2>\n\n\n\n<p class=\"has-text-align-center has-text-color has-link-color has-geist-font-family wp-elements-eaa65834b9b55a1378486f4501a03106\" style=\"color:#771f4a;margin-top:0;margin-right:0;margin-bottom:0;margin-left:0;padding-top:0;padding-bottom:0;font-size:clamp(16.293px, 1.018rem + ((1vw - 3.2px) * 0.989), 25px);\"><strong>De la lecture \u00e0 l\u2019\u00e9criture, <\/strong><\/p>\n\n\n\n<p class=\"has-text-align-center has-text-color has-link-color has-geist-font-family wp-elements-c75d213eb85d16b3b09cc326de4a0872\" style=\"color:#771f4a;margin-top:0;margin-right:0;margin-bottom:0;margin-left:0;padding-top:0;padding-bottom:0;font-size:clamp(16.293px, 1.018rem + ((1vw - 3.2px) * 0.989), 25px);\"><strong>les retraites litt\u00e9raires sont votre cocon.&nbsp;<\/strong><br><strong>Plongez dans l\u2019univers qui vous pla\u00eet et oubliez le reste.<\/strong><br><strong>On s\u2019occupe de tout !<\/strong><\/p>\n\n\n\n<p class=\"has-text-align-center has-text-color has-link-color has-geist-font-family has-medium-font-size wp-elements-5954421a871cfbd162625e2f75a53a54\" style=\"color:#1a1322;font-style:normal;font-weight:100;line-height:1.4\">Papier Bulle est une agence de voyage litt\u00e9raire.&nbsp;<br>Tous nos s\u00e9jours sont pens\u00e9s pour les amoureux des mots qui recherchent une immersion unique dans un univers de papier.&nbsp;<br>De l\u2019\u00e9criture, \u00e0 la lecture, en passant par la papeterie litt\u00e9raire, tout est au rendez-vous pour que ceux qui ressentent avec le c\u0153ur soient comme \u00e0 la maison.<\/p>\n<\/div>\n\n\n\n<div class=\"wp-block-group alignwide has-global-padding is-layout-constrained wp-container-core-group-is-layout-1cf432e6 wp-block-group-is-layout-constrained\" style=\"margin-top:1.01rem\">\n<div class=\"wp-block-columns alignwide is-layout-flex wp-container-core-columns-is-layout-85231905 wp-block-columns-is-layout-flex\">\n<div class=\"wp-block-column has-global-padding is-content-justification-center is-layout-constrained wp-container-core-column-is-layout-412b4476 wp-block-column-is-layout-constrained\" style=\"padding-bottom:2rem\">\n<div class=\"wp-block-group has-global-padding is-layout-constrained wp-container-core-group-is-layout-668d2085 wp-block-group-is-layout-constrained\">\n<figure class=\"wp-block-image aligncenter size-full is-resized has-custom-border\"><img loading=\"lazy\" decoding=\"async\" width=\"1920\" height=\"1920\" src=\"https:\/\/papierbulle.fr\/wp-content\/uploads\/2025\/11\/sixteen-miles-out-CTixwor7zZs-unsplash-1-edited.jpg\" alt=\"\" class=\"wp-image-245\" style=\"border-radius:100px;width:290px\" srcset=\"https:\/\/papierbulle.fr\/wp-content\/uploads\/2025\/11\/sixteen-miles-out-CTixwor7zZs-unsplash-1-edited.jpg 1920w, https:\/\/papierbulle.fr\/wp-content\/uploads\/2025\/11\/sixteen-miles-out-CTixwor7zZs-unsplash-1-edited-300x300.jpg 300w, https:\/\/papierbulle.fr\/wp-content\/uploads\/2025\/11\/sixteen-miles-out-CTixwor7zZs-unsplash-1-edited-100x100.jpg 100w, https:\/\/papierbulle.fr\/wp-content\/uploads\/2025\/11\/sixteen-miles-out-CTixwor7zZs-unsplash-1-edited-600x600.jpg 600w, https:\/\/papierbulle.fr\/wp-content\/uploads\/2025\/11\/sixteen-miles-out-CTixwor7zZs-unsplash-1-edited-1024x1024.jpg 1024w, https:\/\/papierbulle.fr\/wp-content\/uploads\/2025\/11\/sixteen-miles-out-CTixwor7zZs-unsplash-1-edited-150x150.jpg 150w, https:\/\/papierbulle.fr\/wp-content\/uploads\/2025\/11\/sixteen-miles-out-CTixwor7zZs-unsplash-1-edited-768x768.jpg 768w, https:\/\/papierbulle.fr\/wp-content\/uploads\/2025\/11\/sixteen-miles-out-CTixwor7zZs-unsplash-1-edited-1536x1536.jpg 1536w\" sizes=\"auto, (max-width: 1920px) 100vw, 1920px\" \/><\/figure>\n\n\n\n<h5 class=\"wp-block-heading has-text-align-center has-text-color has-large-font-size\" style=\"color:#771f4a;font-style:normal;font-weight:600;line-height:1.4;text-transform:capitalize\">Lecture<\/h5>\n<\/div>\n\n\n\n<div class=\"wp-block-group has-global-padding is-layout-constrained wp-container-core-group-is-layout-4f9f0532 wp-block-group-is-layout-constrained\">\n<p class=\"has-text-align-center has-text-color has-geist-font-family\" style=\"color:#1a1322;margin-top:0rem;font-size:clamp(14px, 0.875rem + ((1vw - 3.2px) * 0.682), 20px);font-style:normal;font-weight:200;line-height:1.5\">Quel que soit votre genre de pr\u00e9dilection, vous \u00eates le ou la bienvenu\u00b7e. En retraite g\u00e9n\u00e9rale ou th\u00e9matique, il y en a pour tous les go\u00fbts.<\/p>\n<\/div>\n<\/div>\n\n\n\n<div class=\"wp-block-column has-global-padding is-layout-constrained wp-container-core-column-is-layout-a3af4fe5 wp-block-column-is-layout-constrained\" style=\"padding-bottom:2rem\">\n<div class=\"wp-block-group has-global-padding is-layout-constrained wp-container-core-group-is-layout-668d2085 wp-block-group-is-layout-constrained\">\n<figure class=\"wp-block-image aligncenter size-full is-resized has-custom-border\"><img loading=\"lazy\" decoding=\"async\" width=\"1335\" height=\"1335\" src=\"https:\/\/papierbulle.fr\/wp-content\/uploads\/2025\/11\/2148045809-2-edited.jpg\" alt=\"\" class=\"wp-image-243\" style=\"border-style:none;border-width:0px;border-radius:100px;width:290px\" srcset=\"https:\/\/papierbulle.fr\/wp-content\/uploads\/2025\/11\/2148045809-2-edited.jpg 1335w, https:\/\/papierbulle.fr\/wp-content\/uploads\/2025\/11\/2148045809-2-edited-300x300.jpg 300w, https:\/\/papierbulle.fr\/wp-content\/uploads\/2025\/11\/2148045809-2-edited-100x100.jpg 100w, https:\/\/papierbulle.fr\/wp-content\/uploads\/2025\/11\/2148045809-2-edited-600x600.jpg 600w, https:\/\/papierbulle.fr\/wp-content\/uploads\/2025\/11\/2148045809-2-edited-1024x1024.jpg 1024w, https:\/\/papierbulle.fr\/wp-content\/uploads\/2025\/11\/2148045809-2-edited-150x150.jpg 150w, https:\/\/papierbulle.fr\/wp-content\/uploads\/2025\/11\/2148045809-2-edited-768x768.jpg 768w\" sizes=\"auto, (max-width: 1335px) 100vw, 1335px\" \/><\/figure>\n\n\n\n<h5 class=\"wp-block-heading has-text-align-center has-text-color has-large-font-size\" style=\"color:#771f4a;font-style:normal;font-weight:600;line-height:1.4;text-transform:capitalize\">D\u00e9connexion<\/h5>\n<\/div>\n\n\n\n<div class=\"wp-block-group has-global-padding is-layout-constrained wp-container-core-group-is-layout-4f9f0532 wp-block-group-is-layout-constrained\">\n<p class=\"has-text-align-center has-text-color has-geist-font-family\" style=\"color:#1a1322;margin-top:0rem;font-size:clamp(14px, 0.875rem + ((1vw - 3.2px) * 0.682), 20px);font-style:normal;font-weight:200;line-height:1.5\">Au c\u0153ur de la campagne normande, l&rsquo;Orne offre un cadre de d\u00e9tente parfait. Rien ni personne n&rsquo;y perturbera votre paix, si ce n&rsquo;est l&rsquo;appel des pages !<\/p>\n<\/div>\n<\/div>\n\n\n\n<div class=\"wp-block-column has-global-padding is-content-justification-center is-layout-constrained wp-container-core-column-is-layout-412b4476 wp-block-column-is-layout-constrained\" style=\"padding-bottom:2rem\">\n<div class=\"wp-block-group has-global-padding is-layout-constrained wp-container-core-group-is-layout-668d2085 wp-block-group-is-layout-constrained\">\n<figure class=\"wp-block-image aligncenter size-full is-resized has-custom-border\"><img loading=\"lazy\" decoding=\"async\" width=\"1920\" height=\"1920\" src=\"https:\/\/papierbulle.fr\/wp-content\/uploads\/2025\/11\/binti-malu-CEobmYj5W6c-unsplash-edited.jpg\" alt=\"\" class=\"wp-image-111\" style=\"border-radius:100px;width:290px\" srcset=\"https:\/\/papierbulle.fr\/wp-content\/uploads\/2025\/11\/binti-malu-CEobmYj5W6c-unsplash-edited.jpg 1920w, https:\/\/papierbulle.fr\/wp-content\/uploads\/2025\/11\/binti-malu-CEobmYj5W6c-unsplash-edited-300x300.jpg 300w, https:\/\/papierbulle.fr\/wp-content\/uploads\/2025\/11\/binti-malu-CEobmYj5W6c-unsplash-edited-1024x1024.jpg 1024w, https:\/\/papierbulle.fr\/wp-content\/uploads\/2025\/11\/binti-malu-CEobmYj5W6c-unsplash-edited-150x150.jpg 150w, https:\/\/papierbulle.fr\/wp-content\/uploads\/2025\/11\/binti-malu-CEobmYj5W6c-unsplash-edited-768x768.jpg 768w, https:\/\/papierbulle.fr\/wp-content\/uploads\/2025\/11\/binti-malu-CEobmYj5W6c-unsplash-edited-1536x1536.jpg 1536w\" sizes=\"auto, (max-width: 1920px) 100vw, 1920px\" \/><\/figure>\n\n\n\n<h5 class=\"wp-block-heading has-text-align-center has-text-color has-large-font-size\" style=\"color:#771f4a;font-style:normal;font-weight:600;line-height:1.4;text-transform:capitalize\">Rencontres<\/h5>\n<\/div>\n\n\n\n<div class=\"wp-block-group has-global-padding is-layout-constrained wp-container-core-group-is-layout-4f9f0532 wp-block-group-is-layout-constrained\">\n<p class=\"has-text-align-center has-text-color has-geist-font-family has-medium-font-size\" style=\"color:#1a1322;margin-top:0rem;font-style:normal;font-weight:200;line-height:1.5\">Rencontrer du monde, c&rsquo;est bien, mais autour d&rsquo;une passion commune, c&rsquo;est mieux. La bienveillance et le partage sont de mise aux retraites litt\u00e9raires.<\/p>\n<\/div>\n<\/div>\n<\/div>\n<\/div>\n\n\n\n<p class=\"has-text-align-center has-text-color has-link-color has-geist-font-family wp-elements-d29a5fdcf15b4d851658da4d920a5184\" style=\"color:#771f4a;font-size:clamp(15.197px, 0.95rem + ((1vw - 3.2px) * 0.887), 23px);font-style:normal;font-weight:100\">C\u2019est un peu tout \u00e7a \u00e0 la fois Papier Bulle : une bulle de douceur et de d\u00e9connexion, entre les pages. Et qui sait, vous y ferez peut-\u00eatre de belles rencontres\u2026 De celles qui changent une vie.&nbsp;<\/p>\n\n\n\n<div class=\"wp-block-cover aligncenter is-light wp-duotone-2a5c48-c7e3b9-2\" style=\"min-height:238px;aspect-ratio:unset;\"><img loading=\"lazy\" decoding=\"async\" width=\"1689\" height=\"1689\" class=\"wp-block-cover__image-background wp-image-255\" alt=\"prochaines retraites de lecture\" src=\"https:\/\/papierbulle.fr\/wp-content\/uploads\/2025\/11\/2148898331-edited.jpg\" style=\"object-position:54% 66%\" data-object-fit=\"cover\" data-object-position=\"54% 66%\" srcset=\"https:\/\/papierbulle.fr\/wp-content\/uploads\/2025\/11\/2148898331-edited.jpg 1689w, https:\/\/papierbulle.fr\/wp-content\/uploads\/2025\/11\/2148898331-edited-300x300.jpg 300w, https:\/\/papierbulle.fr\/wp-content\/uploads\/2025\/11\/2148898331-edited-100x100.jpg 100w, https:\/\/papierbulle.fr\/wp-content\/uploads\/2025\/11\/2148898331-edited-600x600.jpg 600w, https:\/\/papierbulle.fr\/wp-content\/uploads\/2025\/11\/2148898331-edited-1024x1024.jpg 1024w, https:\/\/papierbulle.fr\/wp-content\/uploads\/2025\/11\/2148898331-edited-150x150.jpg 150w, https:\/\/papierbulle.fr\/wp-content\/uploads\/2025\/11\/2148898331-edited-768x768.jpg 768w, https:\/\/papierbulle.fr\/wp-content\/uploads\/2025\/11\/2148898331-edited-1536x1536.jpg 1536w\" sizes=\"auto, (max-width: 1689px) 100vw, 1689px\" \/><span aria-hidden=\"true\" class=\"wp-block-cover__background has-white-background-color has-background-dim-40 has-background-dim\"><\/span><div class=\"wp-block-cover__inner-container is-layout-flow wp-block-cover-is-layout-flow\">\n<div class=\"wp-block-buttons is-content-justification-center is-layout-flex wp-container-core-buttons-is-layout-a89b3969 wp-block-buttons-is-layout-flex\">\n<div class=\"wp-block-button\"><a class=\"wp-block-button__link has-text-color has-background has-link-color has-adelphe-font-family has-custom-font-size wp-element-button\" href=\"https:\/\/papierbulle.fr\/index.php\/les-retraites\/\" style=\"border-radius:100px;color:#fffefa;background-color:#771f4a;padding-top:var(--wp--preset--spacing--20);padding-right:var(--wp--preset--spacing--50);padding-bottom:var(--wp--preset--spacing--20);padding-left:var(--wp--preset--spacing--50);font-size:clamp(16.293px, 1.018rem + ((1vw - 3.2px) * 0.989), 25px);font-style:normal;font-weight:700\">Voir la prochaine retraite<\/a><\/div>\n<\/div>\n<\/div><\/div>\n\n\n\n<section class=\"wp-block-group alignfull has-text-color has-global-padding is-layout-constrained wp-container-core-group-is-layout-5e70687f wp-block-group-is-layout-constrained\" style=\"color:#3e3e3e;margin-top:0rem;padding-right:1rem;padding-left:1rem;font-size:clamp(0.875rem, 0.875rem + ((1vw - 0.2rem) * 0.464), 1.13rem);font-style:normal;font-weight:400;line-height:1.5\">\n<hr class=\"wp-block-separator has-text-color has-alpha-channel-opacity has-background\" style=\"margin-top:var(--wp--preset--spacing--70);margin-bottom:var(--wp--preset--spacing--70);background-color:#ffffff;color:#ffffff\"\/>\n<\/section>\n\n\n\n<section class=\"wp-block-group alignfull has-text-color has-global-padding is-layout-constrained wp-container-core-group-is-layout-d3911453 wp-block-group-is-layout-constrained\" style=\"color:#03081e;margin-top:0px;padding-top:3.4rem;padding-right:var(--wp--preset--spacing--40);padding-bottom:1.5rem;padding-left:var(--wp--preset--spacing--40);font-size:0rem;font-style:normal;font-weight:400;line-height:1.2\">\n<div class=\"wp-block-columns is-layout-flex wp-container-core-columns-is-layout-db2df21c wp-block-columns-is-layout-flex\" style=\"margin-bottom:0px\">\n<div class=\"wp-block-column has-global-padding is-content-justification-left is-layout-constrained wp-container-core-column-is-layout-12dd3699 wp-block-column-is-layout-constrained\" style=\"flex-basis:45%\">\n<figure class=\"wp-block-image aligncenter size-large is-resized is-style-rounded\"><img loading=\"lazy\" decoding=\"async\" width=\"2380\" height=\"2380\" src=\"https:\/\/papierbulle.fr\/wp-content\/uploads\/2025\/11\/B49870DA-C87B-4D32-A8F4-E9876501D759-1-edited-1.jpeg\" alt=\"\" class=\"wp-image-263\" style=\"width:320px;height:auto\" srcset=\"https:\/\/papierbulle.fr\/wp-content\/uploads\/2025\/11\/B49870DA-C87B-4D32-A8F4-E9876501D759-1-edited-1.jpeg 2380w, https:\/\/papierbulle.fr\/wp-content\/uploads\/2025\/11\/B49870DA-C87B-4D32-A8F4-E9876501D759-1-edited-1-300x300.jpeg 300w, https:\/\/papierbulle.fr\/wp-content\/uploads\/2025\/11\/B49870DA-C87B-4D32-A8F4-E9876501D759-1-edited-1-100x100.jpeg 100w, https:\/\/papierbulle.fr\/wp-content\/uploads\/2025\/11\/B49870DA-C87B-4D32-A8F4-E9876501D759-1-edited-1-600x600.jpeg 600w, https:\/\/papierbulle.fr\/wp-content\/uploads\/2025\/11\/B49870DA-C87B-4D32-A8F4-E9876501D759-1-edited-1-1024x1024.jpeg 1024w, https:\/\/papierbulle.fr\/wp-content\/uploads\/2025\/11\/B49870DA-C87B-4D32-A8F4-E9876501D759-1-edited-1-150x150.jpeg 150w, https:\/\/papierbulle.fr\/wp-content\/uploads\/2025\/11\/B49870DA-C87B-4D32-A8F4-E9876501D759-1-edited-1-768x768.jpeg 768w, https:\/\/papierbulle.fr\/wp-content\/uploads\/2025\/11\/B49870DA-C87B-4D32-A8F4-E9876501D759-1-edited-1-1536x1536.jpeg 1536w, https:\/\/papierbulle.fr\/wp-content\/uploads\/2025\/11\/B49870DA-C87B-4D32-A8F4-E9876501D759-1-edited-1-2048x2048.jpeg 2048w\" sizes=\"auto, (max-width: 2380px) 100vw, 2380px\" \/><\/figure>\n<\/div>\n\n\n\n<div class=\"wp-block-column is-layout-flow wp-block-column-is-layout-flow\">\n<div class=\"wp-block-group is-vertical is-content-justification-left is-layout-flex wp-container-core-group-is-layout-c5d44cae wp-block-group-is-layout-flex\" style=\"min-height:100%\">\n<div class=\"wp-block-group has-global-padding is-content-justification-center is-layout-constrained wp-container-core-group-is-layout-b15c80d6 wp-block-group-is-layout-constrained\">\n<h3 class=\"wp-block-heading has-text-align-center has-text-color has-pecita-font-family\" style=\"color:#771f4a;margin-top:0.5rem;margin-bottom:1.01rem;font-size:clamp(29.768px, 1.861rem + ((1vw - 3.2px) * 2.526), 52px);font-style:normal;font-weight:400;letter-spacing:0px;line-height:1.3;text-transform:capitalize\">NOUS CONTACTER<\/h3>\n\n\n\n<p class=\"has-text-align-center has-text-color has-geist-font-family has-medium-font-size\" style=\"color:#1a1322;margin-top:0rem;font-style:normal;font-weight:300;line-height:1.6\">Chez Papier Bulle, c\u2019est Julie, la fondatrice, qui re\u00e7oit le courrier, se plonge dans chaque missive et vous r\u00e9pond avec attention.&nbsp;<br><\/p>\n\n\n\n<p class=\"has-text-align-center has-text-color has-geist-font-family has-medium-font-size\" style=\"color:#03081e;margin-top:0rem;font-style:normal;font-weight:300;line-height:1.6\">Lecteur\u00b7ice\u00b7s, auteur\u00b7ice\u00b7s, partenaires, \u00e9crivez-nous !&nbsp;<\/p>\n\n\n\n<div class=\"wp-block-group has-global-padding is-content-justification-center is-layout-constrained wp-container-core-group-is-layout-0638dde4 wp-block-group-is-layout-constrained\" style=\"margin-top:0px\">\n<div class=\"wp-block-buttons is-horizontal is-layout-flex wp-block-buttons-is-layout-flex\" style=\"margin-top:2.51rem\">\n<div class=\"wp-block-button has-custom-width wp-block-button__width-100 is-style-outline is-style-outline--3\"><a class=\"wp-block-button__link has-text-color has-background has-border-color has-adelphe-font-family has-medium-font-size has-text-align-center has-custom-font-size wp-element-button\" href=\"https:\/\/papierbulle.fr\/index.php\/contact\/\" style=\"border-color:#2a5c4866;border-width:2px;border-radius:2.5rem;color:#fffefa;background-color:#215c48;padding-top:1.2rem;padding-right:0rem;padding-bottom:1.2rem;padding-left:0rem;font-style:normal;font-weight:700;line-height:1;text-transform:none\">\u00c9crivez-nous<\/a><\/div>\n<\/div>\n<\/div>\n<\/div>\n<\/div>\n<\/div>\n<\/div>\n<\/section>\n<\/div>\n","protected":false},"excerpt":{"rendered":"<p>Tu voulais venir seule \u00e0 une retraite mais il ne reste que des places en duo ? Remplis le questionnaire de matching et partage cette exp\u00e9rience avec une personne qui te correspond ! \ud83c\udf80 Tarifs pr\u00e9f\u00e9rentiels \ud83c\udf80 Matching sur mesure avec une autre lectrice\ud83c\udf80 Couchage adapt\u00e9 pour le confort de chacune\ud83c\udf80 Opportunit\u00e9 de nouer des [&hellip;]<\/p>\n","protected":false},"author":1,"featured_media":0,"parent":0,"menu_order":0,"comment_status":"closed","ping_status":"closed","template":"","meta":{"footnotes":""},"class_list":["post-86","page","type-page","status-publish","hentry"],"_links":{"self":[{"href":"https:\/\/papierbulle.fr\/index.php\/wp-json\/wp\/v2\/pages\/86","targetHints":{"allow":["GET"]}}],"collection":[{"href":"https:\/\/papierbulle.fr\/index.php\/wp-json\/wp\/v2\/pages"}],"about":[{"href":"https:\/\/papierbulle.fr\/index.php\/wp-json\/wp\/v2\/types\/page"}],"author":[{"embeddable":true,"href":"https:\/\/papierbulle.fr\/index.php\/wp-json\/wp\/v2\/users\/1"}],"replies":[{"embeddable":true,"href":"https:\/\/papierbulle.fr\/index.php\/wp-json\/wp\/v2\/comments?post=86"}],"version-history":[{"count":65,"href":"https:\/\/papierbulle.fr\/index.php\/wp-json\/wp\/v2\/pages\/86\/revisions"}],"predecessor-version":[{"id":1452,"href":"https:\/\/papierbulle.fr\/index.php\/wp-json\/wp\/v2\/pages\/86\/revisions\/1452"}],"wp:attachment":[{"href":"https:\/\/papierbulle.fr\/index.php\/wp-json\/wp\/v2\/media?parent=86"}],"curies":[{"name":"wp","href":"https:\/\/api.w.org\/{rel}","templated":true}]}}