{"id":273,"date":"2025-11-21T17:22:53","date_gmt":"2025-11-21T16:22:53","guid":{"rendered":"https:\/\/papierbulle.fr\/?page_id=273"},"modified":"2025-11-23T18:14:29","modified_gmt":"2025-11-23T17:14:29","slug":"charte-de-confidentialite","status":"publish","type":"page","link":"https:\/\/papierbulle.fr\/index.php\/charte-de-confidentialite\/","title":{"rendered":"Confidentialit\u00e9"},"content":{"rendered":"\n<p class=\"has-text-align-center has-text-color has-link-color has-adelphe-font-family has-large-font-size wp-elements-e116fd1029442d9b39e968bc50962256\" style=\"color:#1a1322;font-style:italic;font-weight:43\">Charte de confidentialit\u00e9 <\/p>\n\n\n\n<p class=\"has-text-color has-link-color wp-elements-9a35cfbfda00b1e33ea2b5151401cd14\" style=\"color:#221d2c\">Derni\u00e8re mise \u00e0 jour : 23\/11\/2025<\/p>\n\n\n\n<p class=\"has-text-color has-link-color has-ibm-plex-sans-thin-font-family has-small-font-size wp-elements-7b77981a7898b333e2b710d4f6911351\" style=\"color:#000000\"><strong><span style=\"text-decoration: underline;\">Pr\u00e9ambule<\/span><\/strong><\/p>\n\n\n\n<p class=\"has-text-color has-link-color has-ibm-plex-sans-thin-font-family has-small-font-size wp-elements-266a9891288da4f4cf8e666196dab43c\" style=\"color:#000000\">Lors de la consultation de notre site Internet https:\/\/www.papierbulle.fr, des cookies (et autres traceurs) sont d\u00e9pos\u00e9s ou lus sur le terminal que vous utilisez (votre ordinateur, votre mobile ou votre tablette). Cette charte vous explique quels types de cookies nous utilisons et \u00e0 quelles fins.<br>\u200d<br>Nous vous expliquons aussi quels sont vos droits concernant ces cookies et comment vous pouvez les exercez. Cette charte vous donne des informations compl\u00e9mentaires \u00e0 celles que vous retrouvez au niveau du bandeau cookies que vous visualisez lorsque vous naviguez sur notre site.<br>\u200d<br>Cette Charte relative aux Cookies est r\u00e9dig\u00e9e conform\u00e9ment \u00e0 la loi n\u00b078-17 du 6 janvier 1978 (dite \u00ab Loi informatique et libert\u00e9s \u00bb ou \u00ab LIL \u00bb) et au R\u00e8glement G\u00e9n\u00e9ral sur la protection des Donn\u00e9es Personnelles (\u00ab RGDP \u00bb) n\u00b02016\/679.<\/p>\n\n\n\n<p class=\"has-text-color has-link-color has-ibm-plex-sans-thin-font-family has-small-font-size wp-elements-987c543e74bcff22028acac48601ff16\" style=\"color:#000000\"><strong><span style=\"text-decoration: underline;\">QUI EST LE RESPONSABLE DE CETTE CHARTE ?<br><\/span><\/strong><br>\u200dLe responsable de traitement est Julie CLARYS.<br>L\u2019adresse \u00e9lectronique de contact est la suivante : julie.papierbulle@outlook.fr<br>\u200d<br><strong><span style=\"text-decoration: underline;\">QU\u2019EST-CE QU\u2019UN COOKIE ET \u00c0 QUOI SERT-IL ?<br><\/span><\/strong><br>Le cookie est un traceur. Lorsqu\u2019un internaute navigue sur un site Internet, il permet de collecter des informations personnelles \u00e0 son sujet.Lorsque l\u2019internaute utilise son ordinateur, les cookies sont g\u00e9r\u00e9s par votre navigateur Internet (Google Chrome, Firefox, Safari, Edge ou encore Internet Explorer).<br><br>Il existe d\u2019autres types de traceurs, en plus des cookies (pixel invisible, fingerprinting, local storage, etc.).<br>Certains cookies sont internes au site Internet, d\u2019autres sont des cookies tiers plac\u00e9s sur le site par des soci\u00e9t\u00e9s tierces.Par simplicit\u00e9, nous utiliserons dans cette charte le terme de \u00ab cookies \u00bb pour viser diff\u00e9rents types de traceurs.<br><br>Un cookie peut collecter diff\u00e9rentes donn\u00e9es personnelles \u00e0 votre sujet comme par exemple, l\u2019adresse IP de votre ordinateur, le navigateur utilis\u00e9, la date et l\u2019heure de connexion, les pages visit\u00e9s sur le site, etc.<br><br>G\u00e9n\u00e9ralement, cinq types de cookies peuvent \u00eatre utilis\u00e9s sur un site :<br>&#8211; Les cookies n\u00e9cessaires au fonctionnement du site ;<br>&#8211; Les cookies de personnalisation de contenus en fonction de l\u2019utilisation ;<br>&#8211; Les cookies analytiques (pour mesurer l\u2019audience du site) ;<br>&#8211; Les cookies publicitaires ;<br>&#8211; Les cookies de partage sur les r\u00e9seaux sociaux.<br>\u200d<br><strong><span style=\"text-decoration: underline;\">QUELS SONT LES TYPES DE COOKIES QUE NOUS UTILISONS SUR CE SITE INTERNET ?<br><\/span><\/strong><br>Les types de cookies que nous utilisons sur le site Internet sont les suivants :<br>&#8211; Des cookies permettant, facilitant le fonctionnement du site ;<br>&#8211; Des cookies de personnalisation de contenus ;<br>&#8211; Des cookies de mesure d\u2019audience : nous utilisons des traceurs appartenant \u00e0 Google (Analytics). Leur politique est consultable sur ce lien.<br>\u200d<br><strong><span style=\"text-decoration: underline;\">QUELS SONT VOS DROITS EN MATI\u00c8RE DE COOKIES ?<br><\/span><\/strong><br>Conform\u00e9ment \u00e0 l\u2019article 82 de la Loi Informatique et Libert\u00e9s du 6 janvier 1978, l\u2019internaute est inform\u00e9 des traitements de donn\u00e9es personnelles r\u00e9alis\u00e9s par le biais de cookies. La pr\u00e9sente charte permet de remplir cette obligation d\u2019information.<br><br>Par ailleurs, si nous utilisons des cookies n\u00e9cessitant le consentement de l\u2019internaute, le recueil du consentement se fait lors de l\u2019apparition d\u2019un bandeau Cookie visible sur le site Internet. Tant que l\u2019internaute n\u2019a pas \u00e9t\u00e9 inform\u00e9 et n\u2019a pas donn\u00e9 son consentement express, ce type de cookies n\u2019est pas d\u00e9pos\u00e9 ou lu sur son terminal.<br><br>Le consentement est demand\u00e9 pour chaque type de cookie (par finalit\u00e9). La liste des fournisseurs de cookies tiers est donn\u00e9e au moment du recueil de consentement. L\u2019utilisateur a la possibilit\u00e9 de retarder son choix et de se d\u00e9cider plus tard. Tant que son consentement n\u2019est pas donn\u00e9, aucun cookie n\u2019est d\u00e9pos\u00e9. L\u2019utilisateur a la possibilit\u00e9 de refuser le d\u00e9p\u00f4t de ces cookies. Il lui est possible de retirer son consentement \u00e0 tout moment et aussi facilement qu\u2019il l\u2019a donn\u00e9.<br><br>Les cookies d\u00e9pos\u00e9s ont une dur\u00e9e de vie maximum de 13 mois. A l\u2019issue de cette dur\u00e9e, le consentement est \u00e0 nouveau demand\u00e9. L\u2019internaute est inform\u00e9 qu\u2019il peut d\u00e9sactiver les cookies en param\u00e9trant son navigateur Internet :<br>Si l\u2019internaute souhaite supprimer les cookies enregistr\u00e9s sur son terminal et param\u00e9trer son navigateur pour refuser les cookies, il peut le faire via les pr\u00e9f\u00e9rences de son navigateur Internet.<br>Ces options de navigation relatives aux cookies se trouvent habituellement dans les menus \u00ab Options \u00bb, \u00ab Pr\u00e9f\u00e9rences \u00bb ou \u00ab Outils \u00bb du navigateur.<br><br>Pour en savoir plus sur les r\u00e8gles applicables en mati\u00e8re de cookies, l\u2019internaute peut consulter les liens suivants:<br>https:\/\/www.cnil.fr\/fr\/cookies-et-autres-traceurs-la-cnil-publie-de-nouvelles-lignes-directrices ;<br>https:\/\/www.legifrance.gouv.fr\/affichTexte.do?cidTexte=JORFTEXT000038783337 ;<br>\u200d<br><strong><span style=\"text-decoration: underline;\">SORT DES DONN\u00c9ES \u00c0 CARACT\u00c8RE PERSONNEL APR\u00c8S LE D\u00c9C\u00c8S \u2013 DROIT D\u2019ACC\u00c8S, DE RECTIFICATION, DE SUPPRESSION ET DE PORTABILIT\u00c9 DES DONN\u00c9ES<br><\/span><\/strong><br>La personne concern\u00e9e par un traitement peut d\u00e9finir des directives relatives \u00e0 la conservation, \u00e0 l\u2019effacement et \u00e0 la communication de ses donn\u00e9es personnelles apr\u00e8s son d\u00e9c\u00e8s. Ces directives peuvent \u00eatre g\u00e9n\u00e9rales ou particuli\u00e8res.<br>La personne concern\u00e9e par un traitement b\u00e9n\u00e9ficie \u00e9galement d\u2019un droit d\u2019acc\u00e8s, d\u2019opposition, de rectification, de suppression et, \u00e0 certaines conditions, de portabilit\u00e9 de ses donn\u00e9es personnelles. La personne concern\u00e9e a le droit de retirer son consentement \u00e0 tout moment si le consentement constitue la base l\u00e9gale du traitement.<br>La demande devra indiquer les nom et pr\u00e9nom, adresse e-mail ou postale, de la personne concern\u00e9e, et \u00eatre sign\u00e9e et accompagn\u00e9e d\u2019un justificatif d\u2019identit\u00e9 en cours de validit\u00e9.<br>Elle peut exercer ces droits en s\u2019adressant au propri\u00e9taire du site, \u00e0 l\u2019adresse mail suivante : rgpd@wpchannel.com.<br>La personne concern\u00e9e par un traitement a le droit d\u2019introduire une r\u00e9clamation aupr\u00e8s de l\u2019autorit\u00e9 de contr\u00f4le (CNIL).<\/p>\n\n\n\n<p class=\"has-text-color has-link-color has-ibm-plex-sans-thin-font-family has-small-font-size wp-elements-60d61bb7fc08d44a2eac33722b7f7e6e\" style=\"color:#000000;text-decoration:underline;text-transform:uppercase\"><strong>Quelles donn\u00e9es personnelles collectons-nous ?<\/strong><\/p>\n\n\n\n<p class=\"has-text-color has-link-color has-ibm-plex-sans-thin-font-family has-small-font-size wp-elements-4157adfc8a365ddb28b492727d0c6f39\" style=\"color:#000000\">Dans le cadre de votre navigation sur le site et de votre participation aux retraites de lecture, nous pouvons \u00eatre amen\u00e9s \u00e0 collecter des donn\u00e9es d\u2019identification (nom, pr\u00e9nom), des donn\u00e9es de contact (adresse e-mail, num\u00e9ro de t\u00e9l\u00e9phone, adresse postale), des donn\u00e9es relatives au s\u00e9jour (dates, type d\u2019h\u00e9bergement, allergies, besoins particuliers, restrictions alimentaires, pr\u00e9f\u00e9rences logistiques) et des donn\u00e9es de navigation (cookies techniques et de mesure d\u2019audience selon les param\u00e8tres de votre navigateur).<\/p>\n\n\n\n<p class=\"has-text-color has-link-color has-ibm-plex-sans-thin-font-family has-small-font-size wp-elements-cb4fe847bd41249ed38b507db9869996\" style=\"color:#000000;text-transform:uppercase\"><strong><span style=\"text-decoration: underline;\">Pourquoi collectons-nous ces donn\u00e9es ?<\/span><\/strong><\/p>\n\n\n\n<p class=\"has-text-color has-link-color has-ibm-plex-sans-thin-font-family has-small-font-size wp-elements-2f6fe06e60a50c82552383fa7e64eec5\" style=\"color:#000000\">Vos donn\u00e9es sont collect\u00e9es pour les finalit\u00e9s suivantes :<br>&#8211; R\u00e9pondre aux demandes transmises via les formulaires de contact.<br>&#8211; G\u00e9rer les inscriptions aux retraites de lecture.<br>&#8211; Communiquer avec vous (informations pratiques, confirmation de participation, organisation du s\u00e9jour, suivi administratif).<br>&#8211; Assurer la facturation et la gestion contractuelle des s\u00e9jours.<br>&#8211; Am\u00e9liorer le site et l\u2019exp\u00e9rience utilisateur gr\u00e2ce \u00e0 des statistiques anonymis\u00e9es.<br>&#8211; Vous envoyer des actualit\u00e9s ou informations* si vous y avez express\u00e9ment consenti (newsletter).<\/p>\n\n\n\n<p class=\"has-text-color has-link-color has-ibm-plex-sans-thin-font-family has-small-font-size wp-elements-7ba5d57b4d5d10d8f5dece73912cac21\" style=\"color:#000000\">Nous ne traitons vos donn\u00e9es que pour les finalit\u00e9s clairement indiqu\u00e9es.<\/p>\n\n\n\n<p class=\"has-text-color has-link-color has-ibm-plex-sans-thin-font-family has-small-font-size wp-elements-3de08b34020f43f94f23cd5da0ed7a4f\" style=\"color:#000000;text-transform:uppercase\"><strong><span style=\"text-decoration: underline;\">Base l\u00e9gale des traitements<\/span><\/strong><\/p>\n\n\n\n<p class=\"has-text-color has-link-color has-ibm-plex-sans-thin-font-family has-small-font-size wp-elements-d44f6e9f09e189b359334905f838b4ca\" style=\"color:#000000\">Conform\u00e9ment au RGPD, les traitements reposent sur :<br>&#8211; Votre consentement : pour les formulaires de contact, newsletters, cookies non essentiels.<br>&#8211; L\u2019ex\u00e9cution d\u2019un contrat : pour l\u2019inscription et la gestion d\u2019une retraite de lecture.<br>&#8211; Notre int\u00e9r\u00eat l\u00e9gitime : pour la s\u00e9curit\u00e9 du site et la mesure d\u2019audience (cookies strictement n\u00e9cessaires).<br>&#8211; Le respect d\u2019une obligation l\u00e9gale : en mati\u00e8re de facturation et comptabilit\u00e9.<\/p>\n\n\n\n<p class=\"has-text-color has-link-color has-ibm-plex-sans-thin-font-family has-small-font-size wp-elements-311e03ff9fb74b2c65bb8a2822a83bcc\" style=\"color:#000000;text-transform:uppercase\"><span style=\"text-decoration: underline;\"><strong>Qui a acc\u00e8s \u00e0 vos donn\u00e9es ?<\/strong><\/span><\/p>\n\n\n\n<p class=\"has-text-color has-link-color has-ibm-plex-sans-thin-font-family has-small-font-size wp-elements-7eaaf910fa49f68389c2fdd36a65450a\" style=\"color:#000000\">Vos donn\u00e9es sont accessibles uniquement :<br>&#8211; \u00c0 la personne responsable de l\u2019organisation des retraites de lecture.<br>&#8211; Aux prestataires techniques n\u00e9cessaires au fonctionnement du site (h\u00e9bergeur, outils de formulaire ou d\u2019e-mailing), uniquement lorsque cela est indispensable.<br><br>Aucun transfert de donn\u00e9es n\u2019est effectu\u00e9 \u00e0 des tiers non autoris\u00e9s, et aucune donn\u00e9e n\u2019est vendue.<\/p>\n\n\n\n<p class=\"has-text-color has-link-color has-ibm-plex-sans-thin-font-family has-small-font-size wp-elements-e4b1e5f02bd7837334505280953d6844\" style=\"color:#000000;text-transform:uppercase\"><strong><span style=\"text-decoration: underline;\">Dur\u00e9e de conservation des donn\u00e9es<\/span><\/strong><\/p>\n\n\n\n<p class=\"has-text-color has-link-color has-ibm-plex-sans-thin-font-family has-small-font-size wp-elements-2b88cc5ff58d34e953c25a9467d45525\" style=\"color:#000000\">Nous conservons vos donn\u00e9es uniquement le temps n\u00e9cessaire :<br>&#8211; Demandes d\u2019information : 12 mois maximum apr\u00e8s votre dernier \u00e9change.<br>&#8211; Inscriptions aux retraites : dur\u00e9e n\u00e9cessaire au s\u00e9jour + obligations l\u00e9gales (notamment comptables : 10 ans).<br>&#8211; Newsletter : jusqu\u2019\u00e0 votre d\u00e9sinscription.<br>&#8211; Cookies : dur\u00e9e indiqu\u00e9e dans la banni\u00e8re cookies (entre 6 et 13 mois selon le type).<\/p>\n\n\n\n<p class=\"has-text-color has-link-color has-ibm-plex-sans-thin-font-family has-small-font-size wp-elements-2fa8d57d223bd643c5f24cf3bcdd6de1\" style=\"color:#000000;text-transform:uppercase\"><strong><span style=\"text-decoration: underline;\">Vos droits<\/span><\/strong><\/p>\n\n\n\n<p class=\"has-text-color has-link-color has-ibm-plex-sans-thin-font-family has-small-font-size wp-elements-7e88be0662d949a8d380280d374c4cba\" style=\"color:#000000\">Conform\u00e9ment au RGPD, vous disposez des droits suivants :<br>&#8211; Droit d\u2019acc\u00e8s \u00e0 vos donn\u00e9es<br>&#8211; Droit de rectification<br>&#8211; Droit \u00e0 l\u2019effacement (droit \u00e0 l\u2019oubli)<br>&#8211; Droit \u00e0 la limitation du traitement<br>&#8211; Droit d\u2019opposition<br>&#8211; Droit \u00e0 la portabilit\u00e9<br>&#8211; Droit de retirer votre consentement \u00e0 tout moment (newsletter, cookies\u2026)<br>&#8211; Droit d\u2019introduire une r\u00e9clamation aupr\u00e8s de la CNIL ([www.cnil.fr](http:\/\/www.cnil.fr))<\/p>\n\n\n\n<p class=\"has-text-color has-link-color has-ibm-plex-sans-thin-font-family has-small-font-size wp-elements-04746bec5c7658b81d521c6ddca5deb6\" style=\"color:#000000\">Pour exercer vos droits, vous pouvez nous contacter \u00e0 : julie.papierbulle@outlook.fr<br>Une r\u00e9ponse vous sera apport\u00e9e dans un d\u00e9lai maximum d\u2019un mois.<\/p>\n\n\n\n<p class=\"has-text-color has-link-color has-ibm-plex-sans-thin-font-family has-small-font-size wp-elements-420316b33a086502be8c90a044987adb\" style=\"color:#000000;text-transform:uppercase\"><strong><span style=\"text-decoration: underline;\">S\u00e9curit\u00e9 des donn\u00e9es<\/span><\/strong><\/p>\n\n\n\n<p class=\"has-text-color has-link-color has-ibm-plex-sans-thin-font-family has-small-font-size wp-elements-adf9212990b597a9508272edd69ff2cd\" style=\"color:#000000\">Nous mettons en place tout moyen technique et organisationnel pour assurer la s\u00e9curit\u00e9 et la confidentialit\u00e9 de vos donn\u00e9es :<br>&#8211; Acc\u00e8s limit\u00e9 aux personnes habilit\u00e9es<br>&#8211; H\u00e9bergeur conforme aux normes europ\u00e9ennes<br>&#8211; Communication s\u00e9curis\u00e9e (HTTPS)<br>&#8211; Sauvegardes raisonnables et protection contre l\u2019acc\u00e8s non autoris\u00e9<\/p>\n\n\n\n<p class=\"has-text-color has-link-color has-ibm-plex-sans-thin-font-family has-small-font-size wp-elements-e4803f7ce92d804011c36236d7216b8e\" style=\"color:#000000;text-transform:uppercase\"><strong><span style=\"text-decoration: underline;\">Modifications de la charte<\/span><\/strong><\/p>\n\n\n\n<p class=\"has-text-color has-link-color has-ibm-plex-sans-thin-font-family has-small-font-size wp-elements-00a01e879f38a13bd7208aa781b17660\" style=\"color:#000000\">Nous pouvons \u00eatre amen\u00e9s \u00e0 modifier la pr\u00e9sente charte pour nous conformer \u00e0 toute \u00e9volution l\u00e9gale ou technique.<br>La version en vigueur est celle accessible sur le site \u00e0 la date de votre connexion.<\/p>\n\n\n\n<p class=\"has-text-color has-link-color has-ibm-plex-sans-thin-font-family has-small-font-size wp-elements-ad596f375e8f12c721f8b814e985f615\" style=\"color:#000000;text-transform:uppercase\"><span style=\"text-decoration: underline;\"><strong>CONTACT<\/strong><\/span><\/p>\n\n\n\n<p class=\"has-text-color has-link-color has-ibm-plex-sans-thin-font-family has-small-font-size wp-elements-a2173305cd88783d70d3314a757f72f7\" style=\"color:#000000\">Si vous avez des questions ou des pr\u00e9occupations concernant la protection de vos donn\u00e9es personnelles, vous pouvez nous contacter \u00e0 l\u2019adresse suivante : <a href=\"mailto:julie.papierbulle@outlook.fr\">julie.papierbulle@outlook.fr<\/a><\/p>\n","protected":false},"excerpt":{"rendered":"<p>Charte de confidentialit\u00e9 Derni\u00e8re mise \u00e0 jour : 23\/11\/2025 Pr\u00e9ambule Lors de la consultation de notre site Internet https:\/\/www.papierbulle.fr, des cookies (et autres traceurs) sont d\u00e9pos\u00e9s ou lus sur le terminal que vous utilisez (votre ordinateur, votre mobile ou votre tablette). Cette charte vous explique quels types de cookies nous utilisons et \u00e0 quelles fins.\u200dNous [&hellip;]<\/p>\n","protected":false},"author":1,"featured_media":0,"parent":0,"menu_order":0,"comment_status":"closed","ping_status":"closed","template":"","meta":{"footnotes":""},"class_list":["post-273","page","type-page","status-publish","hentry"],"_links":{"self":[{"href":"https:\/\/papierbulle.fr\/index.php\/wp-json\/wp\/v2\/pages\/273","targetHints":{"allow":["GET"]}}],"collection":[{"href":"https:\/\/papierbulle.fr\/index.php\/wp-json\/wp\/v2\/pages"}],"about":[{"href":"https:\/\/papierbulle.fr\/index.php\/wp-json\/wp\/v2\/types\/page"}],"author":[{"embeddable":true,"href":"https:\/\/papierbulle.fr\/index.php\/wp-json\/wp\/v2\/users\/1"}],"replies":[{"embeddable":true,"href":"https:\/\/papierbulle.fr\/index.php\/wp-json\/wp\/v2\/comments?post=273"}],"version-history":[{"count":5,"href":"https:\/\/papierbulle.fr\/index.php\/wp-json\/wp\/v2\/pages\/273\/revisions"}],"predecessor-version":[{"id":612,"href":"https:\/\/papierbulle.fr\/index.php\/wp-json\/wp\/v2\/pages\/273\/revisions\/612"}],"wp:attachment":[{"href":"https:\/\/papierbulle.fr\/index.php\/wp-json\/wp\/v2\/media?parent=273"}],"curies":[{"name":"wp","href":"https:\/\/api.w.org\/{rel}","templated":true}]}}