{"id":270,"date":"2025-11-21T17:00:19","date_gmt":"2025-11-21T16:00:19","guid":{"rendered":"https:\/\/papierbulle.fr\/?page_id=270"},"modified":"2025-11-23T18:15:02","modified_gmt":"2025-11-23T17:15:02","slug":"mentions-legales","status":"publish","type":"page","link":"https:\/\/papierbulle.fr\/index.php\/mentions-legales\/","title":{"rendered":"Mentions l\u00e9gales"},"content":{"rendered":"\n<p class=\"has-text-align-center has-text-color has-link-color has-adelphe-font-family has-large-font-size wp-elements-e2d69cac547b587ac27806665e975fcb\" style=\"color:#1a1322;font-style:italic;font-weight:43\">Mentions l\u00e9gales<\/p>\n\n\n\n<p class=\"has-text-color has-link-color wp-elements-9a35cfbfda00b1e33ea2b5151401cd14\" style=\"color:#221d2c\">Derni\u00e8re mise \u00e0 jour : 23\/11\/2025<\/p>\n\n\n\n<p class=\"has-text-color has-link-color has-ibm-plex-sans-thin-font-family wp-elements-abe445d40c81dbf09978288d65c5a5fc\" style=\"color:#1a1322;font-size:12px\">Conform\u00e9ment aux dispositions de la loi n\u00b0 2004-575 du 21 juin 2004 pour la confiance en l\u2019\u00e9conomie num\u00e9rique, il est pr\u00e9cis\u00e9 aux utilisateurs du site PAPIER BULLE l\u2019identit\u00e9 des diff\u00e9rents intervenants dans le cadre de sa r\u00e9alisation et de son suivi.<\/p>\n\n\n\n<p class=\"has-text-color has-link-color has-ibm-plex-sans-thin-font-family wp-elements-b5c824c5820eff75cb71433da96c4a6d\" style=\"color:#1a1322;font-size:12px\"><em><span style=\"text-decoration: underline;\">Propri\u00e9taire du site :&nbsp;<\/span><\/em><br>Le propri\u00e9taire du site est l\u2019entreprise individuelle Julie CLARYS &#8211; PAPIER BULLE immatricul\u00e9e au RCS de TOURS sous le num\u00e9ro 992 680 223, dont le si\u00e8ge social est 8, place Andr\u00e9 Delaunay &#8211; 37250 Montbazon (France).<\/p>\n\n\n\n<p class=\"has-text-color has-link-color has-ibm-plex-sans-thin-font-family wp-elements-9bc2c300256ca114c7111f9a2a61bc7d\" style=\"color:#1a1322;font-size:12px\"><span style=\"text-decoration: underline;\"><em>Identit\u00e9 visuelle :<br><\/em><\/span>L\u2019identit\u00e9 visuelle du site internet papierbulle.fr a \u00e9t\u00e9 cr\u00e9\u00e9e par Lisa Camugli Graphisme, artiste &#8211; auteur &#8211; micro-entreprise.<br>Num\u00e9ro SIRET : 933587180 00011<br>Adresse : La Futelaye, 61270 LES ASPRES, FRANCE<\/p>\n\n\n\n<p class=\"has-text-color has-link-color has-ibm-plex-sans-thin-font-family wp-elements-c36cfe203831f62cc0a646d5ca0a5bb2\" style=\"color:#1a1322;font-size:12px\"><span style=\"text-decoration: underline;\"><em>H\u00e9bergement<\/em> :<br><\/span>\u200dL&rsquo;h\u00e9bergeur du Site est la soci\u00e9t\u00e9 OVH.<br>Adresse postale : 2 rue Kellermann &#8211; 59100 Roubaix &#8211; France<br>Adresse mail : contact@webflow.com.<\/p>\n\n\n\n<p class=\"has-text-color has-link-color has-ibm-plex-sans-thin-font-family wp-elements-fb9e2d2809a5eb6976861269c61e3f6e\" style=\"color:#1a1322;font-size:12px\"><em><span style=\"text-decoration: underline;\">Directeur de publication :&nbsp;<\/span><\/em><br>Le Directeur de la publication du Site est Julie CLARYS.<br>Adresse mail : julie.papierbulle@outlook.fr<\/p>\n\n\n\n<p class=\"has-text-color has-link-color has-ibm-plex-sans-thin-font-family wp-elements-2db9365941006a6c36e2261020742b04\" style=\"color:#1a1322;font-size:12px\"><span style=\"text-decoration: underline;\"><em>Droit d\u2019auteurs<\/em> :<br><\/span>L\u2019ensemble de ce site rel\u00e8ve de la l\u00e9gislation fran\u00e7aise et internationale sur le droit d\u2019auteur et la propri\u00e9t\u00e9 intellectuelle.<br>Tous les droits de reproduction sont r\u00e9serv\u00e9s, y compris pour les documents t\u00e9l\u00e9chargeables et les repr\u00e9sentations iconographiques et photographiques. La reproduction de tout ou partie de ce site sur un support \u00e9lectronique quel qu\u2019il soit est formellement interdite sauf autorisation expresse du directeur de la publication. \u2013 toutes les marques cit\u00e9es sont la propri\u00e9t\u00e9 de leurs titulaires respectifs.<br>\u200dLes articles L122-4 et L122-5 du Code de la propri\u00e9t\u00e9 intellectuelle interdisent toute repr\u00e9sentation ou reproduction, int\u00e9grale ou partielle, faites en dehors d\u2019un usage priv\u00e9. Toute repr\u00e9sentation ou reproduction int\u00e9grale ou partielle de cette \u0153uvre, fait par quelque proc\u00e9d\u00e9 que ce soit, sans le consentement de l\u2019\u00e9diteur ou les ayants droit est illicite et constitue une contrefa\u00e7on sanctionn\u00e9e par les articles L335-2 et suivants du Code de la propri\u00e9t\u00e9 intellectuelle.<\/p>\n\n\n\n<p class=\"has-text-color has-link-color has-ibm-plex-sans-thin-font-family wp-elements-c33293b0188baf6b463744bed705e7e7\" style=\"color:#1a1322;font-size:12px\"><span style=\"text-decoration: underline;\"><em>Donn\u00e9es personnelles :<\/em><br><\/span>CNIL : Vous disposez d\u2019un droit d\u2019acc\u00e8s, de modification, de rectification et de suppression des donn\u00e9es qui vous concernent (art.34 de la loi \u201cInformatique et Libert\u00e9s\u201d n\u00b0 78-17 du 16 janvier 1978).<br>\u200dLe traitement de vos donn\u00e9es \u00e0 caract\u00e8re personnel est r\u00e9gi par notre Charte du respect de la vie priv\u00e9e, disponible depuis la page \u201cPolitique de confidentialit\u00e9 et charte sur la protection des donn\u00e9es personnelles\u201d, conform\u00e9ment au R\u00e8glement G\u00e9n\u00e9ral sur la Protection des Donn\u00e9es 2016\/679 du 27 avril 2016 (\u00abRGPD\u00bb).<br><br>Pour l\u2019exercer, adressez-vous \u00e0 :<br>julie.papierbulle@outlook.fr<br><br><span style=\"text-decoration: underline;\"><em>Cr\u00e9dits photos :\u00a0<br><\/em><\/span>Les images utilis\u00e9es sur ce site proviennent essentiellement de banques d\u2019images libres de droits (Freepik \/ Unsplash). Aucun cr\u00e9dit n\u2019est l\u00e9galement obligatoire, mais certains cr\u00e9dits peuvent \u00eatre mentionn\u00e9s par courtoisie.<br>&#8211; G\u00eetes de France Orne<\/p>\n","protected":false},"excerpt":{"rendered":"<p>Mentions l\u00e9gales Derni\u00e8re mise \u00e0 jour : 23\/11\/2025 Conform\u00e9ment aux dispositions de la loi n\u00b0 2004-575 du 21 juin 2004 pour la confiance en l\u2019\u00e9conomie num\u00e9rique, il est pr\u00e9cis\u00e9 aux utilisateurs du site PAPIER BULLE l\u2019identit\u00e9 des diff\u00e9rents intervenants dans le cadre de sa r\u00e9alisation et de son suivi. Propri\u00e9taire du site :&nbsp;Le propri\u00e9taire du [&hellip;]<\/p>\n","protected":false},"author":1,"featured_media":0,"parent":0,"menu_order":0,"comment_status":"closed","ping_status":"closed","template":"","meta":{"footnotes":""},"class_list":["post-270","page","type-page","status-publish","hentry"],"_links":{"self":[{"href":"https:\/\/papierbulle.fr\/index.php\/wp-json\/wp\/v2\/pages\/270","targetHints":{"allow":["GET"]}}],"collection":[{"href":"https:\/\/papierbulle.fr\/index.php\/wp-json\/wp\/v2\/pages"}],"about":[{"href":"https:\/\/papierbulle.fr\/index.php\/wp-json\/wp\/v2\/types\/page"}],"author":[{"embeddable":true,"href":"https:\/\/papierbulle.fr\/index.php\/wp-json\/wp\/v2\/users\/1"}],"replies":[{"embeddable":true,"href":"https:\/\/papierbulle.fr\/index.php\/wp-json\/wp\/v2\/comments?post=270"}],"version-history":[{"count":2,"href":"https:\/\/papierbulle.fr\/index.php\/wp-json\/wp\/v2\/pages\/270\/revisions"}],"predecessor-version":[{"id":613,"href":"https:\/\/papierbulle.fr\/index.php\/wp-json\/wp\/v2\/pages\/270\/revisions\/613"}],"wp:attachment":[{"href":"https:\/\/papierbulle.fr\/index.php\/wp-json\/wp\/v2\/media?parent=270"}],"curies":[{"name":"wp","href":"https:\/\/api.w.org\/{rel}","templated":true}]}}