{"id":1351,"date":"2026-04-07T20:50:58","date_gmt":"2026-04-07T18:50:58","guid":{"rendered":"https:\/\/papierbulle.fr\/?page_id=1351"},"modified":"2026-04-12T16:46:20","modified_gmt":"2026-04-12T14:46:20","slug":"reserver-une-retraite-de-lecture","status":"publish","type":"page","link":"https:\/\/papierbulle.fr\/index.php\/reserver-une-retraite-de-lecture\/","title":{"rendered":"Billetterie Juillet"},"content":{"rendered":"\n<div class=\"wp-block-cover alignfull is-light\" style=\"padding-top:200px;padding-bottom:100px;min-height:564px;aspect-ratio:unset;\"><img loading=\"lazy\" decoding=\"async\" width=\"878\" height=\"878\" class=\"wp-block-cover__image-background wp-image-654 size-full\" alt=\"r\u00e9server une retraite de lecture\" src=\"https:\/\/papierbulle.fr\/wp-content\/uploads\/2025\/11\/450534-2_G908_25ade4701a665898a0cfe7b2949b03ef-edited.jpg\" style=\"object-position:67% 93%\" data-object-fit=\"cover\" data-object-position=\"67% 93%\" srcset=\"https:\/\/papierbulle.fr\/wp-content\/uploads\/2025\/11\/450534-2_G908_25ade4701a665898a0cfe7b2949b03ef-edited.jpg 878w, https:\/\/papierbulle.fr\/wp-content\/uploads\/2025\/11\/450534-2_G908_25ade4701a665898a0cfe7b2949b03ef-edited-300x300.jpg 300w, https:\/\/papierbulle.fr\/wp-content\/uploads\/2025\/11\/450534-2_G908_25ade4701a665898a0cfe7b2949b03ef-edited-150x150.jpg 150w, https:\/\/papierbulle.fr\/wp-content\/uploads\/2025\/11\/450534-2_G908_25ade4701a665898a0cfe7b2949b03ef-edited-768x768.jpg 768w\" sizes=\"auto, (max-width: 878px) 100vw, 878px\" \/><span aria-hidden=\"true\" class=\"wp-block-cover__background has-background-dim-80 has-background-dim\" style=\"background-color:#fffefa\"><\/span><div class=\"wp-block-cover__inner-container has-global-padding is-layout-constrained wp-container-core-cover-is-layout-cec8a1e3 wp-block-cover-is-layout-constrained\">\n<h2 class=\"wp-block-heading has-text-align-center has-text-color has-adelphe-font-family\" style=\"color:#771f4a;margin-top:0rem;margin-bottom:1.01rem;font-size:clamp(44.14px, 2.759rem + ((1vw - 3.2px) * 4.643), 85px);font-style:normal;font-weight:700;letter-spacing:0px;line-height:1;text-transform:none\">Billetterie<br>Bulle &amp; Bronzette<\/h2>\n\n\n\n\n<\/div><\/div>\n\n\n\n<p class=\"has-text-align-center has-text-color has-link-color has-geist-font-family has-medium-font-size wp-elements-30542d1713fc1d51350b5a64d686ecde\" style=\"color:#1a1322;font-style:normal;font-weight:100;line-height:1.4\">Envie de te plonger dans un univers litt\u00e9raire cet \u00e9t\u00e9 ? <\/p>\n\n\n\n<p class=\"has-text-align-center has-text-color has-link-color has-geist-font-family has-medium-font-size wp-elements-8f03d37e36b62edd3c84658fc3b00d71\" style=\"color:#1a1322;font-style:normal;font-weight:100;line-height:1.4\">R\u00e9serve une retraite de lecture en juillet et laisse-toi emporter par tes romans pr\u00e9f\u00e9r\u00e9s dans un cadre idyllique. C&rsquo;est l&rsquo;occasion parfaite de d\u00e9connecter, de te relaxer et de partager tes coups de c\u0153ur avec d\u2019autres passionn\u00e9es. Ne manque pas cette chance, fais vite pour r\u00e9server ta place !<\/p>\n\n\n\n<a title=\"Logiciel billetterie en ligne\" href=\"https:\/\/widget.weezevent.com\/ticket\/E1863453\/?code=10782&#038;locale=fr-FR&#038;width_auto=1&#038;color_primary=b1d19f\" class=\"weezevent-widget-integration\" data-src=\"https:\/\/widget.weezevent.com\/ticket\/E1863453\/?code=10782&#038;locale=fr-FR&#038;width_auto=1&#038;color_primary=b1d19f\" data-id=\"1863453\" data-resize=\"1\" data-width_auto=\"1\" data-noscroll=\"0\" data-use-container=\"yes\" data-type=\"neo\" target=\"_blank\" rel=\"noopener\">Billetterie Weezevent<\/a>\n<script type=\"text\/javascript\" src=\"https:\/\/widget.weezevent.com\/weez.js\"><\/script>\n\n\n\n<p class=\"has-text-align-center has-text-color has-pecita-font-family has-large-font-size\" style=\"color:#711f4a;padding-top:0;padding-bottom:0;font-style:normal;font-weight:400;letter-spacing:0%;text-transform:none\">Comment r\u00e9server ? <\/p>\n\n\n\n<p class=\"has-text-align-center has-text-color has-link-color has-geist-font-family has-medium-font-size wp-elements-72bd3fe12f0a1a070e5760ff38ce907b\" style=\"color:#1a1322;font-style:normal;font-weight:100;line-height:1.4\">1. Gr\u00e2ce au module de billetterie en ligne ci-dessus, s\u00e9lectionne la \/ les places qui t&rsquo;int\u00e9resse\/nt.<\/p>\n\n\n\n<p class=\"has-text-align-center has-text-color has-link-color has-geist-font-family has-medium-font-size wp-elements-efb4dceaa5f20ab1bbf2e180e9ccc493\" style=\"color:#1a1322;font-style:normal;font-weight:100;line-height:1.4\">2. Remplis le formulaire d&rsquo;inscription attentivement.<\/p>\n\n\n\n<p class=\"has-text-align-center has-text-color has-link-color has-geist-font-family has-medium-font-size wp-elements-f76ba43b3b235523eb73b9c8c3c13225\" style=\"color:#1a1322;font-style:normal;font-weight:100;line-height:1.4\">3. Patiente quelques instants, ta place est d\u00e9sormais pr\u00e9-r\u00e9serv\u00e9e pour 48 heures. <\/p>\n\n\n\n<p class=\"has-text-align-center has-text-color has-link-color has-geist-font-family has-medium-font-size wp-elements-7d6c3dd5ac30fda5286c2981afeaca18\" style=\"color:#1a1322;font-style:normal;font-weight:100;line-height:1.4\">4. Tu vas recevoir un mail t&rsquo;indiquant la marche \u00e0 suivre pour finaliser ta r\u00e9servation ! Il te suffira de verser un acompte par virement bancaire.<\/p>\n\n\n\n<p><\/p>\n\n\n\n<section class=\"wp-block-cover alignfull is-light\" style=\"margin-top:0px;padding-bottom:13.51rem;min-height:332px;aspect-ratio:unset;\"><img loading=\"lazy\" decoding=\"async\" width=\"2000\" height=\"1333\" class=\"wp-block-cover__image-background wp-image-322 size-full\" alt=\"\" src=\"https:\/\/papierbulle.fr\/wp-content\/uploads\/2025\/11\/2149871489.jpg\" data-object-fit=\"cover\" srcset=\"https:\/\/papierbulle.fr\/wp-content\/uploads\/2025\/11\/2149871489.jpg 2000w, https:\/\/papierbulle.fr\/wp-content\/uploads\/2025\/11\/2149871489-600x400.jpg 600w, https:\/\/papierbulle.fr\/wp-content\/uploads\/2025\/11\/2149871489-300x200.jpg 300w, https:\/\/papierbulle.fr\/wp-content\/uploads\/2025\/11\/2149871489-1024x682.jpg 1024w, https:\/\/papierbulle.fr\/wp-content\/uploads\/2025\/11\/2149871489-768x512.jpg 768w, https:\/\/papierbulle.fr\/wp-content\/uploads\/2025\/11\/2149871489-1536x1024.jpg 1536w\" sizes=\"auto, (max-width: 2000px) 100vw, 2000px\" \/><span aria-hidden=\"true\" class=\"wp-block-cover__background has-white-background-color has-background-dim-80 has-background-dim\"><\/span><div class=\"wp-block-cover__inner-container has-global-padding is-layout-constrained wp-container-core-cover-is-layout-14880c13 wp-block-cover-is-layout-constrained\">\n<div class=\"wp-block-group alignfull has-text-color has-global-padding is-layout-constrained wp-container-core-group-is-layout-6f61d7e7 wp-block-group-is-layout-constrained\" style=\"color:#252525;margin-top:0px;padding-top:0rem;padding-right:1rem;padding-bottom:0rem;padding-left:1rem;font-size:clamp(0.875rem, 0.875rem + ((1vw - 0.2rem) * 0.464), 1.13rem);font-style:normal;font-weight:400;line-height:1.4\">\n<div class=\"wp-block-group is-vertical is-content-justification-center is-layout-flex wp-container-core-group-is-layout-7082cadc wp-block-group-is-layout-flex\">\n<div class=\"wp-block-group has-global-padding is-layout-constrained wp-container-core-group-is-layout-a099c240 wp-block-group-is-layout-constrained\">\n<h2 class=\"wp-block-heading has-text-align-center has-text-color has-adelphe-font-family\" style=\"color:#771f4a;margin-bottom:1.11rem;font-size:clamp(29.768px, 1.861rem + ((1vw - 3.2px) * 2.526), 52px);font-style:normal;font-weight:700;line-height:1.3;text-transform:none\">Une question ?<\/h2>\n\n\n\n<p class=\"has-text-align-center has-text-color has-geist-font-family\" style=\"color:#03081e;margin-top:0rem;font-size:clamp(0.875rem, 0.875rem + ((1vw - 0.2rem) * 0.609), 1.21rem);font-style:normal;font-weight:400;line-height:1.6\">N&rsquo;h\u00e9sitez pas \u00e0 nous \u00e9crire pour toute question, demande particuli\u00e8re, proposition de collaboration ou simple envie de papoter !<\/p>\n\n\n\n<div class=\"wp-block-group is-vertical is-content-justification-stretch is-layout-flex wp-container-core-group-is-layout-be82aac6 wp-block-group-is-layout-flex\" style=\"margin-top:0rem;padding-right:0px;padding-left:0px\">\n<div class=\"wp-block-group has-global-padding is-content-justification-center is-layout-constrained wp-container-core-group-is-layout-0638dde4 wp-block-group-is-layout-constrained\" style=\"margin-top:0px\">\n<div class=\"wp-block-buttons is-horizontal is-content-justification-right is-layout-flex wp-container-core-buttons-is-layout-1b0e492f wp-block-buttons-is-layout-flex\" style=\"margin-top:2.21rem\">\n<div class=\"wp-block-button has-custom-width wp-block-button__width-100 is-style-outline is-style-outline--2\"><a class=\"wp-block-button__link has-text-color has-background has-border-color has-adelphe-font-family has-medium-font-size has-custom-font-size wp-element-button\" href=\"https:\/\/papierbulle.fr\/index.php\/contact\/\" style=\"border-color:#2a5c4866;border-style:solid;border-width:2px;border-radius:2.5rem;color:#fffefa;background-color:#b1d19f;padding-top:1.1rem;padding-right:0.81rem;padding-bottom:1.1rem;padding-left:0.81rem;font-style:normal;font-weight:700;line-height:1;text-transform:none\">\u00c9crivez-nous<\/a><\/div>\n<\/div>\n<\/div>\n<\/div>\n<\/div>\n<\/div>\n<\/div>\n<\/div><\/section>\n\n\n\n<p><\/p>\n","protected":false},"excerpt":{"rendered":"<p>Envie de te plonger dans un univers litt\u00e9raire cet \u00e9t\u00e9 ? R\u00e9serve une retraite de lecture en juillet et laisse-toi emporter par tes romans pr\u00e9f\u00e9r\u00e9s dans un cadre idyllique. C&rsquo;est l&rsquo;occasion parfaite de d\u00e9connecter, de te relaxer et de partager tes coups de c\u0153ur avec d\u2019autres passionn\u00e9es. Ne manque pas cette chance, fais vite pour [&hellip;]<\/p>\n","protected":false},"author":1,"featured_media":0,"parent":0,"menu_order":0,"comment_status":"closed","ping_status":"closed","template":"","meta":{"footnotes":""},"class_list":["post-1351","page","type-page","status-publish","hentry"],"_links":{"self":[{"href":"https:\/\/papierbulle.fr\/index.php\/wp-json\/wp\/v2\/pages\/1351","targetHints":{"allow":["GET"]}}],"collection":[{"href":"https:\/\/papierbulle.fr\/index.php\/wp-json\/wp\/v2\/pages"}],"about":[{"href":"https:\/\/papierbulle.fr\/index.php\/wp-json\/wp\/v2\/types\/page"}],"author":[{"embeddable":true,"href":"https:\/\/papierbulle.fr\/index.php\/wp-json\/wp\/v2\/users\/1"}],"replies":[{"embeddable":true,"href":"https:\/\/papierbulle.fr\/index.php\/wp-json\/wp\/v2\/comments?post=1351"}],"version-history":[{"count":7,"href":"https:\/\/papierbulle.fr\/index.php\/wp-json\/wp\/v2\/pages\/1351\/revisions"}],"predecessor-version":[{"id":1406,"href":"https:\/\/papierbulle.fr\/index.php\/wp-json\/wp\/v2\/pages\/1351\/revisions\/1406"}],"wp:attachment":[{"href":"https:\/\/papierbulle.fr\/index.php\/wp-json\/wp\/v2\/media?parent=1351"}],"curies":[{"name":"wp","href":"https:\/\/api.w.org\/{rel}","templated":true}]}}